{"id":37,"date":"2022-07-12T14:14:36","date_gmt":"2022-07-12T14:14:36","guid":{"rendered":"https:\/\/blossom.erasmus.site\/?page_id=37"},"modified":"2024-07-23T18:08:47","modified_gmt":"2024-07-23T18:08:47","slug":"home","status":"publish","type":"page","link":"https:\/\/blossom.erasmus.site\/ro\/","title":{"rendered":"Home"},"content":{"rendered":"\t\t<div data-elementor-type=\"wp-page\" data-elementor-id=\"37\" class=\"elementor elementor-37\">\n\t\t\t\t\t\t<section class=\"elementor-section elementor-top-section elementor-element elementor-element-c486525 elementor-section-height-min-height elementor-section-boxed elementor-section-height-default elementor-section-items-middle\" data-id=\"c486525\" data-element_type=\"section\" data-e-type=\"section\" data-settings=\"{&quot;background_background&quot;:&quot;classic&quot;}\">\n\t\t\t\t\t\t\t<div class=\"elementor-background-overlay\"><\/div>\n\t\t\t\t\t\t\t<div class=\"elementor-container elementor-column-gap-default\">\n\t\t\t\t\t<div class=\"elementor-column elementor-col-50 elementor-top-column elementor-element elementor-element-31a34e0\" data-id=\"31a34e0\" data-element_type=\"column\" data-e-type=\"column\">\n\t\t\t<div class=\"elementor-widget-wrap elementor-element-populated\">\n\t\t\t\t\t\t<div class=\"elementor-element elementor-element-d306df1 elementor-widget elementor-widget-heading\" data-id=\"d306df1\" data-element_type=\"widget\" data-e-type=\"widget\" data-widget_type=\"heading.default\">\n\t\t\t\t<div class=\"elementor-widget-container\">\n\t\t\t\t\t<h2 class=\"elementor-heading-title elementor-size-default\">BLOSSOM<\/h2>\t\t\t\t<\/div>\n\t\t\t\t<\/div>\n\t\t\t\t<div class=\"elementor-element elementor-element-6ca3298 elementor-widget elementor-widget-heading\" data-id=\"6ca3298\" data-element_type=\"widget\" data-e-type=\"widget\" data-widget_type=\"heading.default\">\n\t\t\t\t<div class=\"elementor-widget-container\">\n\t\t\t\t\t<h2 class=\"elementor-heading-title elementor-size-large\">Competen\u021be de baz\u0103 precum alfabetizarea, calculul \u0219i competen\u021be digitale axate pe dezvoltarea afacerilor<\/h2>\t\t\t\t<\/div>\n\t\t\t\t<\/div>\n\t\t\t\t<div class=\"elementor-element elementor-element-471915f elementor-widget elementor-widget-heading\" data-id=\"471915f\" data-element_type=\"widget\" data-e-type=\"widget\" data-widget_type=\"heading.default\">\n\t\t\t\t<div class=\"elementor-widget-container\">\n\t\t\t\t\t<h2 class=\"elementor-heading-title elementor-size-large\">Parteneriat strategic \u00een domeniul educa\u021biei adul\u021bilor<\/h2>\t\t\t\t<\/div>\n\t\t\t\t<\/div>\n\t\t\t\t<div class=\"elementor-element elementor-element-4ae48af elementor-widget elementor-widget-text-editor\" data-id=\"4ae48af\" data-element_type=\"widget\" data-e-type=\"widget\" data-widget_type=\"text-editor.default\">\n\t\t\t\t<div class=\"elementor-widget-container\">\n\t\t\t\t\t\t\t\t\t<p>Num\u0103rul proiectului: 2021-1-ES01-KA220-ADU-000035128<br \/>Durata proiectului: 01.02.2022 &#8211; 01.02.2024<\/p>\t\t\t\t\t\t\t\t<\/div>\n\t\t\t\t<\/div>\n\t\t\t\t\t<\/div>\n\t\t<\/div>\n\t\t\t\t<div class=\"elementor-column elementor-col-50 elementor-top-column elementor-element elementor-element-8403fa1\" data-id=\"8403fa1\" data-element_type=\"column\" data-e-type=\"column\">\n\t\t\t<div class=\"elementor-widget-wrap elementor-element-populated\">\n\t\t\t\t\t\t<div class=\"elementor-element elementor-element-8d21822 elementor-widget elementor-widget-text-editor\" data-id=\"8d21822\" data-element_type=\"widget\" data-e-type=\"widget\" data-widget_type=\"text-editor.default\">\n\t\t\t\t<div class=\"elementor-widget-container\">\n\t\t\t\t\t\t\t\t\t<p><\/p><p><\/p><p><\/p><p>Parteneriatul proiectului BLOSSOM este compus din 5 organiza\u021bii din 5 \u021b\u0103ri de la nivel European.<\/p><p>Obiectivul general al proiectului BLOSSOM este de a \u00eembun\u0103t\u0103\u021bi oportunit\u0103\u021bile de \u00eenv\u0103\u021bare ale femeilor adulte cu un nivel sc\u0103zut de calificare, prin consolidarea competen\u021belor de baz\u0103 ale acestora: alfabetizare, calcul matematic \u0219i competen\u021bele digitale axate pe dezvoltarea afacerilor.<\/p><p>BLOSSOM se adreseaz\u0103 femeilor adulte slab calificate \u0219i exper\u021bilor, consilierilor sau factorilor de decizie din domeniul educa\u021biei adul\u021bilor.<\/p>\t\t\t\t\t\t\t\t<\/div>\n\t\t\t\t<\/div>\n\t\t\t\t\t<\/div>\n\t\t<\/div>\n\t\t\t\t\t<\/div>\n\t\t<\/section>\n\t\t\t\t<section class=\"elementor-section elementor-top-section elementor-element elementor-element-dfabb43 elementor-section-boxed elementor-section-height-default elementor-section-height-default\" data-id=\"dfabb43\" data-element_type=\"section\" data-e-type=\"section\">\n\t\t\t\t\t\t<div class=\"elementor-container elementor-column-gap-default\">\n\t\t\t\t\t<div class=\"elementor-column elementor-col-100 elementor-top-column elementor-element elementor-element-5c132de\" data-id=\"5c132de\" data-element_type=\"column\" data-e-type=\"column\">\n\t\t\t<div class=\"elementor-widget-wrap elementor-element-populated\">\n\t\t\t\t\t\t<div class=\"elementor-element elementor-element-4220861 elementor-widget elementor-widget-heading\" data-id=\"4220861\" data-element_type=\"widget\" data-e-type=\"widget\" data-widget_type=\"heading.default\">\n\t\t\t\t<div class=\"elementor-widget-container\">\n\t\t\t\t\t<h2 class=\"elementor-heading-title elementor-size-default\">Despre proiect<\/h2>\t\t\t\t<\/div>\n\t\t\t\t<\/div>\n\t\t\t\t\t<\/div>\n\t\t<\/div>\n\t\t\t\t\t<\/div>\n\t\t<\/section>\n\t\t\t\t<section class=\"elementor-section elementor-top-section elementor-element elementor-element-2a880b7 elementor-section-height-min-height elementor-section-boxed elementor-section-height-default elementor-section-items-middle\" data-id=\"2a880b7\" data-element_type=\"section\" data-e-type=\"section\">\n\t\t\t\t\t\t<div class=\"elementor-container elementor-column-gap-default\">\n\t\t\t\t\t<div class=\"elementor-column elementor-col-50 elementor-top-column elementor-element elementor-element-3b99a05\" data-id=\"3b99a05\" data-element_type=\"column\" data-e-type=\"column\">\n\t\t\t<div class=\"elementor-widget-wrap elementor-element-populated\">\n\t\t\t\t\t\t<div class=\"elementor-element elementor-element-4fdf5f8 elementor-widget elementor-widget-text-editor\" data-id=\"4fdf5f8\" data-element_type=\"widget\" data-e-type=\"widget\" data-widget_type=\"text-editor.default\">\n\t\t\t\t<div class=\"elementor-widget-container\">\n\t\t\t\t\t\t\t\t\t<p><\/p><p><\/li><\/ul><p><\/li><\/ul><p><\/li><\/ul><p><\/p><p><strong>Scopul proiectului BLOSSOM<\/strong><\/p><p>Proiectul BLOSSOM \u00ee\u0219i propune s\u0103 \u00eembun\u0103t\u0103\u021beasc\u0103 competen\u021bele necesare pe pia\u021ba for\u021bei de munc\u0103 a femeilor adulte. Astfel, abordarea proiectului are \u00een prim-plan dezvoltarea unui instrument de evaluare interactiv, care va eviden\u021bia nevoile \u0219i noile abilit\u0103\u021bi \u0219i competen\u021be dob\u00e2ndite ale acestora, \u00een urma unei instruiri. Proiectul se axeaz\u0103 pe dob\u00e2ndirea sau \u00eembun\u0103t\u0103\u021birea competen\u021belor cheie (alfabetizarea, calculul matematic \u0219i competen\u021bele digitale, esen\u021biale \u00een domeniul afacerilor) ale femeilor adulte slab calificate. \u00cen special, provocarea reprezentat\u0103 pune \u00een lumin\u0103 problema \u0219omajului masiv care \u201eoblig\u0103\u201d femeile s\u0103 se implice \u00een domeniul antreprenoriatului, pentru a \u00eencepe propria afacere.<\/p><p>Prin implementarea proiectului BLOSSOM, ne dorim trasarea unor linii directoare privind educa\u021bia adul\u021bilor, \u0219i anume:<\/p><ul><li>\u00cembun\u0103t\u0103\u021birea disponibilit\u0103\u021bii oportunit\u0103\u021bilor de \u00eenv\u0103\u021bare de \u00eenalt\u0103 calitate pentru adul\u021bi.<\/li><li>Eviden\u021bierea importan\u021bei transform\u0103rii digitale, prin dezvoltarea competen\u021belor necesare \u00een domeniul digital.<\/li><li>\u00cembun\u0103t\u0103\u021birea accesibilit\u0103\u021bii \u0219i cre\u0219terea gradului de implicare a adul\u021bilor \u00een procesul educa\u021bional.<\/li><\/ul>\t\t\t\t\t\t\t\t<\/div>\n\t\t\t\t<\/div>\n\t\t\t\t\t<\/div>\n\t\t<\/div>\n\t\t\t\t<div class=\"elementor-column elementor-col-50 elementor-top-column elementor-element elementor-element-4c5e8df\" data-id=\"4c5e8df\" data-element_type=\"column\" data-e-type=\"column\">\n\t\t\t<div class=\"elementor-widget-wrap elementor-element-populated\">\n\t\t\t\t\t\t<div class=\"elementor-element elementor-element-b4952d5 elementor-widget elementor-widget-text-editor\" data-id=\"b4952d5\" data-element_type=\"widget\" data-e-type=\"widget\" data-widget_type=\"text-editor.default\">\n\t\t\t\t<div class=\"elementor-widget-container\">\n\t\t\t\t\t\t\t\t\t<div style=\"width: 1080px;\" class=\"wp-video\"><video class=\"wp-video-shortcode\" id=\"video-37-1\" width=\"1080\" height=\"1080\" preload=\"metadata\" controls=\"controls\"><source type=\"video\/mp4\" src=\"https:\/\/blossom.erasmus.site\/wp-content\/uploads\/2024\/03\/BLOSSOM-VIDEO.mp4?_=1\" \/><a href=\"https:\/\/blossom.erasmus.site\/wp-content\/uploads\/2024\/03\/BLOSSOM-VIDEO.mp4\">https:\/\/blossom.erasmus.site\/wp-content\/uploads\/2024\/03\/BLOSSOM-VIDEO.mp4<\/a><\/video><\/div>\t\t\t\t\t\t\t\t<\/div>\n\t\t\t\t<\/div>\n\t\t\t\t\t<\/div>\n\t\t<\/div>\n\t\t\t\t\t<\/div>\n\t\t<\/section>\n\t\t\t\t<section class=\"elementor-section elementor-top-section elementor-element elementor-element-b78e165 elementor-section-boxed elementor-section-height-default elementor-section-height-default\" data-id=\"b78e165\" data-element_type=\"section\" data-e-type=\"section\">\n\t\t\t\t\t\t<div class=\"elementor-container elementor-column-gap-default\">\n\t\t\t\t\t<div class=\"elementor-column elementor-col-100 elementor-top-column elementor-element elementor-element-e9f85bd\" data-id=\"e9f85bd\" data-element_type=\"column\" data-e-type=\"column\">\n\t\t\t<div class=\"elementor-widget-wrap elementor-element-populated\">\n\t\t\t\t\t\t<div class=\"elementor-element elementor-element-226611f elementor-widget elementor-widget-menu-anchor\" data-id=\"226611f\" data-element_type=\"widget\" data-e-type=\"widget\" data-widget_type=\"menu-anchor.default\">\n\t\t\t\t<div class=\"elementor-widget-container\">\n\t\t\t\t\t\t\t<div class=\"elementor-menu-anchor\" id=\"results\"><\/div>\n\t\t\t\t\t\t<\/div>\n\t\t\t\t<\/div>\n\t\t\t\t<div class=\"elementor-element elementor-element-7471288 elementor-widget elementor-widget-heading\" data-id=\"7471288\" data-element_type=\"widget\" data-e-type=\"widget\" data-widget_type=\"heading.default\">\n\t\t\t\t<div class=\"elementor-widget-container\">\n\t\t\t\t\t<h2 class=\"elementor-heading-title elementor-size-default\">Rezultatele proiectului<\/h2>\t\t\t\t<\/div>\n\t\t\t\t<\/div>\n\t\t\t\t\t<\/div>\n\t\t<\/div>\n\t\t\t\t\t<\/div>\n\t\t<\/section>\n\t\t\t\t<section class=\"elementor-section elementor-top-section elementor-element elementor-element-08ade7c elementor-section-boxed elementor-section-height-default elementor-section-height-default\" data-id=\"08ade7c\" data-element_type=\"section\" data-e-type=\"section\">\n\t\t\t\t\t\t<div class=\"elementor-container elementor-column-gap-default\">\n\t\t\t\t\t<div class=\"elementor-column elementor-col-25 elementor-top-column elementor-element elementor-element-4db2779\" data-id=\"4db2779\" data-element_type=\"column\" data-e-type=\"column\">\n\t\t\t<div class=\"elementor-widget-wrap elementor-element-populated\">\n\t\t\t\t\t\t<div class=\"elementor-element elementor-element-6801ac6 elementor-widget elementor-widget-heading\" data-id=\"6801ac6\" data-element_type=\"widget\" data-e-type=\"widget\" data-widget_type=\"heading.default\">\n\t\t\t\t<div class=\"elementor-widget-container\">\n\t\t\t\t\t<h2 class=\"elementor-heading-title elementor-size-medium\">Rezultat 1.<\/h2>\t\t\t\t<\/div>\n\t\t\t\t<\/div>\n\t\t\t\t<div class=\"elementor-element elementor-element-329db09 elementor-widget elementor-widget-text-editor\" data-id=\"329db09\" data-element_type=\"widget\" data-e-type=\"widget\" data-widget_type=\"text-editor.default\">\n\t\t\t\t<div class=\"elementor-widget-container\">\n\t\t\t\t\t\t\t\t\t<p>Proiectarea \u0219i\u00a0 dezvoltarea unui model de abilit\u0103\u021bi de baz\u0103 \u0219i de competen\u021be-cheie necesare pentru a cre\u0219te nivelul de calificare al femeilor adulte, cu referire la motiva\u021bia acestora pentru \u00eembun\u0103t\u0103\u021birea competen\u021belorde baz\u0103 cu rol \u00een dezvoltarea unei afaceri.<\/p>\t\t\t\t\t\t\t\t<\/div>\n\t\t\t\t<\/div>\n\t\t\t\t<div class=\"elementor-element elementor-element-34f54ed elementor-align-center elementor-widget elementor-widget-button\" data-id=\"34f54ed\" data-element_type=\"widget\" data-e-type=\"widget\" data-widget_type=\"button.default\">\n\t\t\t\t<div class=\"elementor-widget-container\">\n\t\t\t\t\t\t\t\t\t<div class=\"elementor-button-wrapper\">\n\t\t\t\t\t<a class=\"elementor-button elementor-button-link elementor-size-sm\" href=\"https:\/\/blossom.erasmus.site\/wp-content\/uploads\/2024\/07\/BLOSSOM-Conceptual-Model-Framework_RO.pdf\" target=\"_blank\" download=\"\">\n\t\t\t\t\t\t<span class=\"elementor-button-content-wrapper\">\n\t\t\t\t\t\t\t\t\t<span class=\"elementor-button-text\">Descarc\u0103<\/span>\n\t\t\t\t\t<\/span>\n\t\t\t\t\t<\/a>\n\t\t\t\t<\/div>\n\t\t\t\t\t\t\t\t<\/div>\n\t\t\t\t<\/div>\n\t\t\t\t\t<\/div>\n\t\t<\/div>\n\t\t\t\t<div class=\"elementor-column elementor-col-25 elementor-top-column elementor-element elementor-element-9b5ce25\" data-id=\"9b5ce25\" data-element_type=\"column\" data-e-type=\"column\">\n\t\t\t<div class=\"elementor-widget-wrap elementor-element-populated\">\n\t\t\t\t\t\t<div class=\"elementor-element elementor-element-847e2d5 elementor-widget elementor-widget-heading\" data-id=\"847e2d5\" data-element_type=\"widget\" data-e-type=\"widget\" data-widget_type=\"heading.default\">\n\t\t\t\t<div class=\"elementor-widget-container\">\n\t\t\t\t\t<h2 class=\"elementor-heading-title elementor-size-medium\">Rezultat 2.<\/h2>\t\t\t\t<\/div>\n\t\t\t\t<\/div>\n\t\t\t\t<div class=\"elementor-element elementor-element-c54d2a5 elementor-widget elementor-widget-text-editor\" data-id=\"c54d2a5\" data-element_type=\"widget\" data-e-type=\"widget\" data-widget_type=\"text-editor.default\">\n\t\t\t\t<div class=\"elementor-widget-container\">\n\t\t\t\t\t\t\t\t\t<p>Planificarea \u0219i conceperea unui program pentru dezvoltarea profesional\u0103 a femeilor \u0219i pentru formarea competen\u021belor de alfabetizare, de calcul \u0219i digitale \u00een afaceri pentru femeile cu un nivel sc\u0103zut de calificare, sub forma unui set deinstrumente.<\/p>\t\t\t\t\t\t\t\t<\/div>\n\t\t\t\t<\/div>\n\t\t\t\t<div class=\"elementor-element elementor-element-28dd4fe elementor-align-center elementor-widget elementor-widget-button\" data-id=\"28dd4fe\" data-element_type=\"widget\" data-e-type=\"widget\" data-widget_type=\"button.default\">\n\t\t\t\t<div class=\"elementor-widget-container\">\n\t\t\t\t\t\t\t\t\t<div class=\"elementor-button-wrapper\">\n\t\t\t\t\t<a class=\"elementor-button elementor-button-link elementor-size-sm\" href=\"https:\/\/blossom.erasmus.site\/wp-content\/uploads\/2024\/07\/PR2_BLOSSOM_RO.pdf\" target=\"_blank\" download=\"\">\n\t\t\t\t\t\t<span class=\"elementor-button-content-wrapper\">\n\t\t\t\t\t\t\t\t\t<span class=\"elementor-button-text\">Descarc\u0103<\/span>\n\t\t\t\t\t<\/span>\n\t\t\t\t\t<\/a>\n\t\t\t\t<\/div>\n\t\t\t\t\t\t\t\t<\/div>\n\t\t\t\t<\/div>\n\t\t\t\t\t<\/div>\n\t\t<\/div>\n\t\t\t\t<div class=\"elementor-column elementor-col-25 elementor-top-column elementor-element elementor-element-013bc5d\" data-id=\"013bc5d\" data-element_type=\"column\" data-e-type=\"column\">\n\t\t\t<div class=\"elementor-widget-wrap elementor-element-populated\">\n\t\t\t\t\t\t<div class=\"elementor-element elementor-element-a66e03c elementor-widget elementor-widget-heading\" data-id=\"a66e03c\" data-element_type=\"widget\" data-e-type=\"widget\" data-widget_type=\"heading.default\">\n\t\t\t\t<div class=\"elementor-widget-container\">\n\t\t\t\t\t<h2 class=\"elementor-heading-title elementor-size-medium\">Rezultat 3.<\/h2>\t\t\t\t<\/div>\n\t\t\t\t<\/div>\n\t\t\t\t<div class=\"elementor-element elementor-element-ce91700 elementor-widget elementor-widget-text-editor\" data-id=\"ce91700\" data-element_type=\"widget\" data-e-type=\"widget\" data-widget_type=\"text-editor.default\">\n\t\t\t\t<div class=\"elementor-widget-container\">\n\t\t\t\t\t\t\t\t\t<p>Platform\u0103 de \u00eenv\u0103\u021bare electronic\u0103 pentru programul de formare &#8222;BLOSSOM&#8221; <\/p>\t\t\t\t\t\t\t\t<\/div>\n\t\t\t\t<\/div>\n\t\t\t\t<div class=\"elementor-element elementor-element-b1d4fb5 elementor-align-center elementor-widget elementor-widget-button\" data-id=\"b1d4fb5\" data-element_type=\"widget\" data-e-type=\"widget\" data-widget_type=\"button.default\">\n\t\t\t\t<div class=\"elementor-widget-container\">\n\t\t\t\t\t\t\t\t\t<div class=\"elementor-button-wrapper\">\n\t\t\t\t\t<a class=\"elementor-button elementor-button-link elementor-size-sm\" href=\"https:\/\/blossom.erasmus.site\/platform\" target=\"_blank\">\n\t\t\t\t\t\t<span class=\"elementor-button-content-wrapper\">\n\t\t\t\t\t\t\t\t\t<span class=\"elementor-button-text\">Deschide<\/span>\n\t\t\t\t\t<\/span>\n\t\t\t\t\t<\/a>\n\t\t\t\t<\/div>\n\t\t\t\t\t\t\t\t<\/div>\n\t\t\t\t<\/div>\n\t\t\t\t\t<\/div>\n\t\t<\/div>\n\t\t\t\t<div class=\"elementor-column elementor-col-25 elementor-top-column elementor-element elementor-element-29c9854\" data-id=\"29c9854\" data-element_type=\"column\" data-e-type=\"column\">\n\t\t\t<div class=\"elementor-widget-wrap elementor-element-populated\">\n\t\t\t\t\t\t<div class=\"elementor-element elementor-element-1850096 elementor-widget elementor-widget-heading\" data-id=\"1850096\" data-element_type=\"widget\" data-e-type=\"widget\" data-widget_type=\"heading.default\">\n\t\t\t\t<div class=\"elementor-widget-container\">\n\t\t\t\t\t<h2 class=\"elementor-heading-title elementor-size-medium\">\u200bRezultat 4.<\/h2>\t\t\t\t<\/div>\n\t\t\t\t<\/div>\n\t\t\t\t<div class=\"elementor-element elementor-element-8b70ce3 elementor-widget elementor-widget-text-editor\" data-id=\"8b70ce3\" data-element_type=\"widget\" data-e-type=\"widget\" data-widget_type=\"text-editor.default\">\n\t\t\t\t<div class=\"elementor-widget-container\">\n\t\t\t\t\t\t\t\t\t<p>Instrument de autoevaluare pentru &#8222;BLOSSOM\u201d<\/p>\t\t\t\t\t\t\t\t<\/div>\n\t\t\t\t<\/div>\n\t\t\t\t<div class=\"elementor-element elementor-element-e885b25 elementor-align-center elementor-widget elementor-widget-button\" data-id=\"e885b25\" data-element_type=\"widget\" data-e-type=\"widget\" data-widget_type=\"button.default\">\n\t\t\t\t<div class=\"elementor-widget-container\">\n\t\t\t\t\t\t\t\t\t<div class=\"elementor-button-wrapper\">\n\t\t\t\t\t<a class=\"elementor-button elementor-button-link elementor-size-sm\" href=\"https:\/\/blossom.erasmus.site\/platform\/assessment\" target=\"_blank\">\n\t\t\t\t\t\t<span class=\"elementor-button-content-wrapper\">\n\t\t\t\t\t\t\t\t\t<span class=\"elementor-button-text\">Deschide<\/span>\n\t\t\t\t\t<\/span>\n\t\t\t\t\t<\/a>\n\t\t\t\t<\/div>\n\t\t\t\t\t\t\t\t<\/div>\n\t\t\t\t<\/div>\n\t\t\t\t\t<\/div>\n\t\t<\/div>\n\t\t\t\t\t<\/div>\n\t\t<\/section>\n\t\t\t\t<\/div>\n\t\t","protected":false},"excerpt":{"rendered":"<p>BLOSSOM Competen\u021be de baz\u0103 precum alfabetizarea, calculul \u0219i competen\u021be digitale axate pe dezvoltarea afacerilor Parteneriat strategic \u00een domeniul educa\u021biei adul\u021bilor Num\u0103rul proiectului: 2021-1-ES01-KA220-ADU-000035128Durata proiectului: 01.02.2022 &#8211; 01.02.2024 Parteneriatul proiectului BLOSSOM este compus din 5 organiza\u021bii din 5 \u021b\u0103ri de la nivel European. Obiectivul general al proiectului BLOSSOM este de a \u00eembun\u0103t\u0103\u021bi oportunit\u0103\u021bile de \u00eenv\u0103\u021bare ale&hellip;&nbsp;<a href=\"https:\/\/blossom.erasmus.site\/ro\/\" rel=\"bookmark\">Cite\u0219te mai mult &raquo;<span class=\"screen-reader-text\">Home<\/span><\/a><\/p>\n","protected":false},"author":1,"featured_media":0,"parent":0,"menu_order":0,"comment_status":"closed","ping_status":"closed","template":"page-templates\/template-pagebuilder-full-width.php","meta":{"neve_meta_sidebar":"","neve_meta_container":"","neve_meta_enable_content_width":"off","neve_meta_content_width":100,"neve_meta_title_alignment":"","neve_meta_author_avatar":"","neve_post_elements_order":"","neve_meta_disable_header":"","neve_meta_disable_footer":"","neve_meta_disable_title":"on","footnotes":""},"class_list":["post-37","page","type-page","status-publish","hentry"],"_links":{"self":[{"href":"https:\/\/blossom.erasmus.site\/ro\/wp-json\/wp\/v2\/pages\/37","targetHints":{"allow":["GET"]}}],"collection":[{"href":"https:\/\/blossom.erasmus.site\/ro\/wp-json\/wp\/v2\/pages"}],"about":[{"href":"https:\/\/blossom.erasmus.site\/ro\/wp-json\/wp\/v2\/types\/page"}],"author":[{"embeddable":true,"href":"https:\/\/blossom.erasmus.site\/ro\/wp-json\/wp\/v2\/users\/1"}],"replies":[{"embeddable":true,"href":"https:\/\/blossom.erasmus.site\/ro\/wp-json\/wp\/v2\/comments?post=37"}],"version-history":[{"count":206,"href":"https:\/\/blossom.erasmus.site\/ro\/wp-json\/wp\/v2\/pages\/37\/revisions"}],"predecessor-version":[{"id":528,"href":"https:\/\/blossom.erasmus.site\/ro\/wp-json\/wp\/v2\/pages\/37\/revisions\/528"}],"wp:attachment":[{"href":"https:\/\/blossom.erasmus.site\/ro\/wp-json\/wp\/v2\/media?parent=37"}],"curies":[{"name":"wp","href":"https:\/\/api.w.org\/{rel}","templated":true}]}}