{"id":109,"date":"2022-07-12T17:55:54","date_gmt":"2022-07-12T17:55:54","guid":{"rendered":"https:\/\/blossom.erasmus.site\/?page_id=109"},"modified":"2022-07-15T12:51:15","modified_gmt":"2022-07-15T12:51:15","slug":"partnership","status":"publish","type":"page","link":"https:\/\/blossom.erasmus.site\/ro\/partnership\/","title":{"rendered":"Partenerii proiectului"},"content":{"rendered":"<p><\/p>\n<p style=\"text-align: center;\">Consor\u021biul proiectului este compus din 5 organiza\u021bii din 5 col\u021buri ale Europei:<\/p>\n<h3 style=\"text-align: center;\"><strong>Coordonatorul proiectului<\/strong><\/h3>\n<h3><img fetchpriority=\"high\" decoding=\"async\" class=\"size-full wp-image-110 aligncenter\" src=\"https:\/\/blossom.erasmus.site\/wp-content\/uploads\/2022\/07\/inno.png\" alt=\"\" width=\"300\" height=\"300\" srcset=\"https:\/\/blossom.erasmus.site\/wp-content\/uploads\/2022\/07\/inno.png 300w, https:\/\/blossom.erasmus.site\/wp-content\/uploads\/2022\/07\/inno-150x150.png 150w, https:\/\/blossom.erasmus.site\/wp-content\/uploads\/2022\/07\/inno-24x24.png 24w, https:\/\/blossom.erasmus.site\/wp-content\/uploads\/2022\/07\/inno-36x36.png 36w, https:\/\/blossom.erasmus.site\/wp-content\/uploads\/2022\/07\/inno-48x48.png 48w\" sizes=\"(max-width: 300px) 100vw, 300px\" \/><\/h3>\n<h3 style=\"text-align: center;\"><strong>ASOCIACI\u00d3N VALENCIA INNO HUB (Innohub)- Spania<\/strong><\/h3>\n<p>Valencia Inno Hub (Innohub) este o organiza\u021bie non-profit din Spania, care a luat na\u0219tere cu scopul de a pune eviden\u021b\u0103 importan\u021ba \u0219i conexiunea dintre talent, tehnologie, dezvoltarea personal\u0103 \u0219i profesional\u0103. Scopul s\u0103u este de a promova inova\u021bia \u0219i noile solu\u021bii tehnologice care vor promova un viitor mai bun, prin ac\u021biuni de sprijinire a unui mediu inovator \u0219i de crea\u021bie tehnologic\u0103. Accentul este pe grupurile sociale defavorizate \u0219i pe incluziunea lor economic\u0103 \u0219i social\u0103. Innohub crede \u00een necesitatea schimb\u0103rii modelului economic pentru a crea o economie mai competitiv\u0103 \u0219i mai valoroas\u0103, facilit\u00e2nd instrumentele necesare pentru companii \u0219i indivizi, iar prin sus\u021binerea tinerilor s\u0103 asigur\u0103m c\u0103 aceast\u0103 schimbare se perpetueaz\u0103 \u00een timp.<\/p>\n<p>Prin mentorat \u0219i formare, Innohub dore\u0219te s\u0103 genereze un impact social pozitiv. Innohub sprijin\u0103 tinerii, antreprenorii, migran\u021bii \u0219i persoanele din grupurile dezavantajate care se confrunt\u0103 cu diferi\u021bi factori de excluziune: tineri \u0219i adul\u021bi cu dificult\u0103\u021bi educa\u021bionale, resortisan\u021bi ai \u021b\u0103rilor ter\u021be etc., oferindu-le posibilitatea de a se dezvolta \u0219i de a dob\u00e2ndi competen\u021be antreprenoriale \u0219i de angajare, \u00een vederea incluziunii lor socio-economice.<\/p>\n<p>\u00cen prezent, Innohub colaboreaz\u0103 cu o varietate de actori economici, at\u00e2t publici, c\u00e2t \u0219i priva\u021bi. Asocia\u021bia are o cooperare str\u00e2ns\u0103 cu actori care sprijin\u0103 tinerii, antreprenorii \u0219i grupurile sociale defavorizate din regiunea Valencia.\u00a0 \u00cen ultimii ani, Innohub a dob\u00e2ndit o experien\u021b\u0103 important\u0103 \u00een implementarea proiectelor UE, ceea ce a dezvoltat posibilitatea de a ajunge la mai multe persoane \u0219i organiza\u021bii care pot beneficia de serviciile Innohub. De asemenea, aceasta a permis extinderea re\u021belei de contacte locale, na\u021bionale \u0219i interna\u021bionale, care \u00eembog\u0103\u021be\u0219te posibilit\u0103\u021bile asocia\u021biei \u00een activit\u0103\u021bile sale zilnice.<\/p>\n<p>Web: <a href=\"http:\/\/valenciainnohub.com\/\" target=\"_blank\" rel=\"noopener\">www.valenciainnohub.com\/<\/a><\/p>\n<p>LinkedIn: <a href=\"https:\/\/www.linkedin.com\/company\/fygconsultores\">https:\/\/www.linkedin.com\/company\/fygconsultores<\/a><\/p>\n<p>Facebook: <a href=\"https:\/\/www.facebook.com\/fygconsultoresvalencia\">https:\/\/www.facebook.com\/fygconsultoresvalencia<\/a><\/p>\n<h3 style=\"text-align: center;\"><strong>\u00a0<\/strong><\/h3>\n<h3 style=\"text-align: center;\"><strong>Partenerii proiectului<\/strong><\/h3>\n<h3><img decoding=\"async\" class=\"wp-image-112 size-full aligncenter\" src=\"https:\/\/blossom.erasmus.site\/wp-content\/uploads\/2022\/07\/cpip.png\" alt=\"\" width=\"300\" height=\"300\" srcset=\"https:\/\/blossom.erasmus.site\/wp-content\/uploads\/2022\/07\/cpip.png 300w, https:\/\/blossom.erasmus.site\/wp-content\/uploads\/2022\/07\/cpip-150x150.png 150w, https:\/\/blossom.erasmus.site\/wp-content\/uploads\/2022\/07\/cpip-24x24.png 24w, https:\/\/blossom.erasmus.site\/wp-content\/uploads\/2022\/07\/cpip-36x36.png 36w, https:\/\/blossom.erasmus.site\/wp-content\/uploads\/2022\/07\/cpip-48x48.png 48w\" sizes=\"(max-width: 300px) 100vw, 300px\" \/><\/h3>\n<h3 style=\"text-align: center;\"><strong>Centrul pentru Promovarea \u00cenv\u0103\u021b\u0103rii Permanente (CPIP) &#8211; Rom\u00e2nia<\/strong><\/h3>\n<p><strong>Centrul pentru Promovarea \u00cenv\u0103\u021b\u0103rii Permanente-CPIP <\/strong>este o institu\u021bie neguvernamental\u0103, non-profit, care activeaz\u0103 \u00een domeniul educa\u021bional \u0219i social din 2005. Acesta promoveaz\u0103 cultura &#8222;\u00eenv\u0103\u021b\u0103rii pe tot parcursul vie\u021bii&#8221; prin implicarea activ\u0103 a membrilor comunit\u0103\u021bii \u00een dezvoltarea unei strategii coerente de implementare a conceptului \u0219i practicii de \u00eenv\u0103\u021bare pe tot parcursul vie\u021bii.\u00a0 CPIP dezvolt\u0103 proiecte na\u021bionale \u0219i interna\u021bionale pe diverse teme sociale \u0219i educa\u021bionale. Proiectele sale sunt cofinan\u021bate de Comisia European\u0103 prin diverse programe destinate educa\u021biei.<\/p>\n<p>Web: <a href=\"http:\/\/www.cpip.ro\/\">www.cpip.ro<\/a><\/p>\n<p>Facebook: <a href=\"https:\/\/www.facebook.com\/CentrulPentruPromovareaInvatariiPermanente\">https:\/\/www.facebook.com\/CentrulPentruPromovareaInvatariiPermanente<\/a><\/p>\n<p>LinkedIn: <a href=\"https:\/\/www.linkedin.com\/company\/cpip-romania-centrul-pentru-promovarea-invatarii-permanente\">https:\/\/www.linkedin.com\/company\/cpip-romania-centrul-pentru-promovarea-invatarii-permanente<\/a><\/p>\n<p>Twitter: <a href=\"https:\/\/twitter.com\/CPIPTIMISOARARO\">https:\/\/twitter.com\/CPIPTIMISOARARO<\/a><\/p>\n<hr \/>\n<h3><img decoding=\"async\" class=\"wp-image-114 size-full aligncenter\" src=\"https:\/\/blossom.erasmus.site\/wp-content\/uploads\/2022\/07\/growth.png\" alt=\"\" width=\"300\" height=\"300\" srcset=\"https:\/\/blossom.erasmus.site\/wp-content\/uploads\/2022\/07\/growth.png 300w, https:\/\/blossom.erasmus.site\/wp-content\/uploads\/2022\/07\/growth-150x150.png 150w, https:\/\/blossom.erasmus.site\/wp-content\/uploads\/2022\/07\/growth-24x24.png 24w, https:\/\/blossom.erasmus.site\/wp-content\/uploads\/2022\/07\/growth-36x36.png 36w, https:\/\/blossom.erasmus.site\/wp-content\/uploads\/2022\/07\/growth-48x48.png 48w\" sizes=\"(max-width: 300px) 100vw, 300px\" \/><\/h3>\n<h3 style=\"text-align: center;\"><strong>Growth Consultants (GROWTH) \u2013 Cipru<\/strong><\/h3>\n<p>Growth Consultants (GROWTH) este o companie mic\u0103, privat\u0103, nou \u00eenfiin\u021bat\u0103 \u00een 2021 cu scopul de a oferi oportunit\u0103\u021bi companiilor \u0219i persoanelor fizice \u00een ceea ce prive\u0219te afacerile lor. Compania este specializat\u0103 \u00een consultan\u021b\u0103 \u00een domeniul schemelor de finan\u021bare UE \u0219i CY, iar misiunea sa este de a ghida persoanele fizice \u0219i companiile \u00een vederea atingerii obiectivelor de dezvoltare. Echipa companiei pune accentul pe furnizarea de servicii de calitate \u0219i \u00eencorporeaz\u0103 proceduri eficiente \u0219i promoveaz\u0103 comunicarea digital\u0103 \u0219i instrumentele de colectare a informa\u021biilor, deoarece acestea simplific\u0103 procedurile \u0219i sprijin\u0103 toate ac\u021biunile. Viziunea GROWTHs este de a deveni o companie lider \u00een promovarea finan\u021b\u0103rii proiectelor inovatoare la nivel na\u021bional \u0219i European. Domeniile de activitate includ consultan\u021b\u0103 \u00een leg\u0103tur\u0103 cu programe na\u021bionale \u0219i Europene \u00een domeniile educa\u021biei pe tot parcursul vie\u021bii, antreprenoriatului, transform\u0103rii digitale, TIC \u0219i ocup\u0103rii for\u021bei de munc\u0103. Pe baza nevoilor clien\u021bilor, compania prezint\u0103 op\u021biunile fezabile privind programele de finan\u021bare \u0219i, de \u00eendat\u0103 ce cerin\u021bele schemei sunt \u00eendeplinite, GROWTH este preg\u0103tit\u0103 pentru preg\u0103tirea aplica\u021biei. Compania preg\u0103te\u0219te \u00eentreaga cerere \u0219i ofer\u0103 toat\u0103 \u00eendrumarea \u0219i sprijinul necesar. \u00cen cele din urm\u0103, \u00een ceea ce prive\u0219te serviciile legate de programele de finan\u021bare, GROWTH ofer\u0103 servicii de management de proiect. Un alt domeniu de activitate pentru GROWTH este proiectarea \u0219i furnizarea de programe de formare pentru diferite grupuri \u021bint\u0103, pe baza analizei nevoilor \u0219i a solicit\u0103rilor. Domeniul de specializare se refer\u0103 \u00een principal la educa\u021bia antreprenorial\u0103 care se aplic\u0103 la toate nivelurile de educa\u021bie \u0219i v\u00e2rstele. Seminariile pot sprijini indivizii \u0219i companiile noi pe tot parcursul c\u0103l\u0103toriei lor antreprenoriale, \u00eencep\u00e2nd cu etapele de \u00eenfiin\u021bare timpurie p\u00e2n\u0103 la cre\u0219terea \u0219i evolu\u021bia lor de succes.<\/p>\n<p>Web: <a href=\"https:\/\/growthconsultants.com.cy\/\" target=\"_blank\" rel=\"noopener\">www.growthconsultants.com.cy<\/a><\/p>\n<hr \/>\n<h3><img loading=\"lazy\" decoding=\"async\" class=\"wp-image-115 size-full aligncenter\" src=\"https:\/\/blossom.erasmus.site\/wp-content\/uploads\/2022\/07\/cwep.png\" alt=\"\" width=\"300\" height=\"300\" srcset=\"https:\/\/blossom.erasmus.site\/wp-content\/uploads\/2022\/07\/cwep.png 300w, https:\/\/blossom.erasmus.site\/wp-content\/uploads\/2022\/07\/cwep-150x150.png 150w, https:\/\/blossom.erasmus.site\/wp-content\/uploads\/2022\/07\/cwep-24x24.png 24w, https:\/\/blossom.erasmus.site\/wp-content\/uploads\/2022\/07\/cwep-36x36.png 36w, https:\/\/blossom.erasmus.site\/wp-content\/uploads\/2022\/07\/cwep-48x48.png 48w\" sizes=\"(max-width: 300px) 100vw, 300px\" \/><\/h3>\n<h3 style=\"text-align: center;\"><strong>Centre For Education and Entrepreneurship Support (CWEP) &#8211; Polonia<\/strong><\/h3>\n<p>CWEP este o organiza\u021bie neguvernamental\u0103 fondat\u0103 \u00een 2004 de un grup de antreprenori, profesori \u0219i activi\u0219ti sociali din Rzesz\u00f3w, Polonia. CWEP coopereaz\u0103 cu \u00eentreprinderi \u0219i institu\u021bii educa\u021bionale. Misiunea CWEP este de a cre\u0219te calitatea form\u0103rii educa\u021bionale la toate nivelurile \u0219i \u00een toate formele sale, precum \u0219i de a promova spiritul antreprenorial pentru a favoriza integrarea oric\u0103rui grup social, indiferent de sex, v\u00e2rst\u0103 sau origine etnic\u0103. \u00cen special, obiectivele sunt de a \u00eembun\u0103t\u0103\u021bi accesibilitatea, calitatea \u0219i eficien\u021ba educa\u021biei tuturor persoanelor, de a promova \u0219i de a contribui la educa\u021bia adul\u021bilor, la \u00eenv\u0103\u021barea pe tot parcursul vie\u021bii, la \u00eenv\u0103\u021bare digital\u0103 \u0219i la utilizarea noilor tehnologii \u00een educa\u021bie \u0219i antreprenoriat. Asocia\u021bia colaboreaz\u0103 cu numero\u0219i parteneri din Europa pentru a consolida pozi\u021bia economic\u0103 a \u00eentreprinderilor, oferind platforme online pentru companii.<\/p>\n<p>Web: <a href=\"https:\/\/cwep.eu\/\" target=\"_blank\" rel=\"noopener\">www.cwep.eu<\/a><\/p>\n<p>Facebook: <a href=\"https:\/\/www.facebook.com\/CWEP.EU\">https:\/\/www.facebook.com\/CWEP.EU<\/a><\/p>\n<p>Twitter: <a href=\"https:\/\/twitter.com\/CWEPeu\">https:\/\/twitter.com\/CWEPeu<\/a><\/p>\n<hr \/>\n<h3><img loading=\"lazy\" decoding=\"async\" class=\"wp-image-116 size-full aligncenter\" src=\"https:\/\/blossom.erasmus.site\/wp-content\/uploads\/2022\/07\/akidimos.png\" alt=\"\" width=\"300\" height=\"300\" srcset=\"https:\/\/blossom.erasmus.site\/wp-content\/uploads\/2022\/07\/akidimos.png 300w, https:\/\/blossom.erasmus.site\/wp-content\/uploads\/2022\/07\/akidimos-150x150.png 150w, https:\/\/blossom.erasmus.site\/wp-content\/uploads\/2022\/07\/akidimos-24x24.png 24w, https:\/\/blossom.erasmus.site\/wp-content\/uploads\/2022\/07\/akidimos-36x36.png 36w, https:\/\/blossom.erasmus.site\/wp-content\/uploads\/2022\/07\/akidimos-48x48.png 48w\" sizes=\"(max-width: 300px) 100vw, 300px\" \/><\/h3>\n<h3 style=\"text-align: center;\"><strong>Akadimos \u2013 Grecia<\/strong><\/h3>\n<p>Akadimos este un centru privat de \u00eenv\u0103\u021bare \u0219i formare pe tot parcursul vie\u021bii a adul\u021bilor de toate v\u00e2rstele. Institu\u021bia ofer\u0103 cursuri de formare non-formal\u0103, ateliere de lucru \u0219i seminarii pentru a ajuta at\u00e2t persoanele fizice, c\u00e2t \u0219i organiza\u021biile s\u0103 \u00eenve\u021be cum s\u0103 \u00ee\u0219i \u00eembun\u0103t\u0103\u021beasc\u0103 abilit\u0103\u021bile \u0219i s\u0103 avanseze \u00een carier\u0103. Func\u021bioneaz\u0103 \u00een mediul academic de la cercetare academic\u0103, dezvoltare, implementare \u0219i livrare de servicii educa\u021bionale de calitate \u0219i cursuri educa\u021bionale care ofer\u0103 participan\u021bilor instrumente adecvate pentru a face fa\u021b\u0103 cerin\u021belor pie\u021bei muncii moderne locale \u0219i interna\u021bionale. Akadimos ofer\u0103, de asemenea, educatorilor \u0219i formatorilor oportunit\u0103\u021bi de recalificare, perfec\u021bionare \u0219i dezvoltare profesional\u0103 \u0219i personal\u0103 prin programe de formare structurate \u0219i adaptate.<\/p>\n<p>Web: <a href=\"http:\/\/www.akadimoskek.gr\/\">www.akadimoskek.gr<\/a><\/p>\n<p>Facebook: <a href=\"https:\/\/www.facebook.com\/akadimoskdvm\">https:\/\/www.facebook.com\/akadimoskdvm<\/a><\/p>\n<p>Instagram: <a href=\"https:\/\/www.instagram.com\/akadimoskek\/\">https:\/\/www.instagram.com\/akadimoskek\/<\/a><\/p>","protected":false},"excerpt":{"rendered":"<p>Consor\u021biul proiectului este compus din 5 organiza\u021bii din 5 col\u021buri ale Europei: Coordonatorul proiectului ASOCIACI\u00d3N VALENCIA INNO HUB (Innohub)- Spania Valencia Inno Hub (Innohub) este o organiza\u021bie non-profit din Spania, care a luat na\u0219tere cu scopul de a pune eviden\u021b\u0103 importan\u021ba \u0219i conexiunea dintre talent, tehnologie, dezvoltarea personal\u0103 \u0219i profesional\u0103. Scopul s\u0103u este de a&hellip;&nbsp;<a href=\"https:\/\/blossom.erasmus.site\/ro\/partnership\/\" rel=\"bookmark\">Cite\u0219te mai mult &raquo;<span class=\"screen-reader-text\">Partenerii proiectului<\/span><\/a><\/p>\n","protected":false},"author":1,"featured_media":47,"parent":0,"menu_order":0,"comment_status":"closed","ping_status":"closed","template":"","meta":{"neve_meta_sidebar":"","neve_meta_container":"","neve_meta_enable_content_width":"off","neve_meta_content_width":100,"neve_meta_title_alignment":"","neve_meta_author_avatar":"","neve_post_elements_order":"","neve_meta_disable_header":"","neve_meta_disable_footer":"","neve_meta_disable_title":"","footnotes":""},"class_list":["post-109","page","type-page","status-publish","has-post-thumbnail","hentry"],"_links":{"self":[{"href":"https:\/\/blossom.erasmus.site\/ro\/wp-json\/wp\/v2\/pages\/109","targetHints":{"allow":["GET"]}}],"collection":[{"href":"https:\/\/blossom.erasmus.site\/ro\/wp-json\/wp\/v2\/pages"}],"about":[{"href":"https:\/\/blossom.erasmus.site\/ro\/wp-json\/wp\/v2\/types\/page"}],"author":[{"embeddable":true,"href":"https:\/\/blossom.erasmus.site\/ro\/wp-json\/wp\/v2\/users\/1"}],"replies":[{"embeddable":true,"href":"https:\/\/blossom.erasmus.site\/ro\/wp-json\/wp\/v2\/comments?post=109"}],"version-history":[{"count":8,"href":"https:\/\/blossom.erasmus.site\/ro\/wp-json\/wp\/v2\/pages\/109\/revisions"}],"predecessor-version":[{"id":256,"href":"https:\/\/blossom.erasmus.site\/ro\/wp-json\/wp\/v2\/pages\/109\/revisions\/256"}],"wp:featuredmedia":[{"embeddable":true,"href":"https:\/\/blossom.erasmus.site\/ro\/wp-json\/wp\/v2\/media\/47"}],"wp:attachment":[{"href":"https:\/\/blossom.erasmus.site\/ro\/wp-json\/wp\/v2\/media?parent=109"}],"curies":[{"name":"wp","href":"https:\/\/api.w.org\/{rel}","templated":true}]}}