{"id":102,"date":"2022-07-12T17:49:18","date_gmt":"2022-07-12T17:49:18","guid":{"rendered":"https:\/\/blossom.erasmus.site\/?page_id=102"},"modified":"2022-07-15T12:48:35","modified_gmt":"2022-07-15T12:48:35","slug":"about-the-project","status":"publish","type":"page","link":"https:\/\/blossom.erasmus.site\/ro\/about-the-project\/","title":{"rendered":"Despre proiect"},"content":{"rendered":"<p>Proiectul BLOSSOM \u00ee\u0219i propune s\u0103 \u00eembun\u0103t\u0103\u021beasc\u0103 competen\u021bele necesare pe pia\u021ba for\u021bei de munc\u0103 a femeilor adulte. Astfel, abordarea proiectului are \u00een prim-plan dezvoltarea unui instrument de evaluare interactiv, care va eviden\u021bia nevoile \u0219i noile abilit\u0103\u021bi \u0219i competen\u021be dob\u00e2ndite ale acestora, \u00een urma unei instruiri. Proiectul se axeaz\u0103 pe dob\u00e2ndirea sau \u00eembun\u0103t\u0103\u021birea competen\u021belor cheie (alfabetizarea, calculul matematic \u0219i competen\u021bele digitale, esen\u021biale \u00een domeniul afacerilor) ale femeilor adulte slab calificate. \u00cen special, provocarea reprezentat\u0103 pune \u00een lumin\u0103 problema \u0219omajului masiv care \u201eoblig\u0103\u201d femeile s\u0103 se implice \u00een domeniul antreprenoriatului, pentru a \u00eencepe propria afacere.<\/p>\n<p>Prin implementarea proiectului BLOSSOM, ne dorim trasarea unor linii directoare privind educa\u021bia adul\u021bilor, \u0219i anume:<\/p>\n<ul>\n<li>\u00cembun\u0103t\u0103\u021birea disponibilit\u0103\u021bii oportunit\u0103\u021bilor de \u00eenv\u0103\u021bare de \u00eenalt\u0103 calitate pentru adul\u021bi.<\/li>\n<li>Eviden\u021bierea importan\u021bei transform\u0103rii digitale, prin dezvoltarea competen\u021belor necesare \u00een domeniul digital.<\/li>\n<li>\u00cembun\u0103t\u0103\u021birea accesibilit\u0103\u021bii \u0219i cre\u0219terea gradului de implicare a adul\u021bilor \u00een procesul educa\u021bional.<\/li>\n<\/ul>\n<p><strong>Obiectivele proiectului BLOSSOM <\/strong><\/p>\n<p>Obiectivul general al proiectului BLOSSOM este de a \u00eembun\u0103t\u0103\u021bi oportunit\u0103\u021bile de \u00eenv\u0103\u021bare ale femeilor adulte cu un nivel sc\u0103zut de calificare, prin consolidarea competen\u021belor de baz\u0103 ale acestora: alfabetizare, calcul matematic \u0219i competen\u021bele digitale axate pe dezvoltarea afacerilor.<\/p>\n<p>Obiectivele specifice ale proiectului BLOSSOM:<\/p>\n<ul>\n<li>Identificarea nevoilor femeilor adulte \u00een ceea ce prive\u0219te competen\u021bele esen\u021biale \u00een dezvoltarea unei afaceri, cum ar fi alfabetizarea \u00een afaceri, abilit\u0103\u021bile de calcul \u0219i competen\u021bele digitale.<\/li>\n<li>Sprijinirea integr\u0103rii pe pia\u021ba muncii \u0219i a incluziunii sociale a femeilor adulte slab calificate.<\/li>\n<li>\u00cencurajarea femeilor slab calificate s\u0103 dezvolte proiecte de afaceri prin rezultate de \u00eenv\u0103\u021bare eficiente \u0219i inovatoare.<\/li>\n<li>Cre\u0219terea spiritului antreprenorial feminin \u0219i \u00eembun\u0103t\u0103\u021birea calific\u0103rilor profesionale ale femeilor.<\/li>\n<li>Dezvoltarea capacit\u0103\u021bii de antreprenoriat a femeilor adulte \u0219i a organiza\u021biilor care vin \u00een sprijinul acestora.<\/li>\n<li>Dezvoltarea competen\u021belor de baz\u0103 \u0219i transversale.<\/li>\n<li>Sprijinirea practicilor de predare \u0219i de evaluare bazate pe TIC.<\/li>\n<li>Efectuarea unei analize de validare a nevoilor \u0219i a lacunelor \u00een ceea ce prive\u0219te capacitatea femeilor slab calificate \u0219i nevoile acestora<\/li>\n<\/ul>\n<p><strong>Grupul \u021bint\u0103 al proiectului BLOSSOM<\/strong><\/p>\n<ul>\n<li>BLOSSOM se adreseaz\u0103 femeilor adulte slab calificate \u0219i exper\u021bilor, consilierilor sau factorilor de decizie din domeniul educa\u021biei adul\u021bilor.<\/li>\n<li>Principalul grup \u021bint\u0103 al proiectului BLOSSOM sunt femeile adulte slab calificate, inclusiv cele care sunt \u0219omere, \u0219omere neindemnizate, studente sau care se afl\u0103 \u00een situa\u021bii de excluziune social\u0103.<\/li>\n<li>Audien\u021ba mai larg\u0103 a proiectului este, de asemenea, format\u0103 din furnizori de servicii pentru adul\u021bi, lideri adul\u021bi, reprezentan\u021bi ai institu\u021biilor na\u021bionale\/regionale.<\/li>\n<\/ul>\n<p><\/p>","protected":false},"excerpt":{"rendered":"<p>Proiectul BLOSSOM \u00ee\u0219i propune s\u0103 \u00eembun\u0103t\u0103\u021beasc\u0103 competen\u021bele necesare pe pia\u021ba for\u021bei de munc\u0103 a femeilor adulte. Astfel, abordarea proiectului are \u00een prim-plan dezvoltarea unui instrument de evaluare interactiv, care va eviden\u021bia nevoile \u0219i noile abilit\u0103\u021bi \u0219i competen\u021be dob\u00e2ndite ale acestora, \u00een urma unei instruiri. Proiectul se axeaz\u0103 pe dob\u00e2ndirea sau \u00eembun\u0103t\u0103\u021birea competen\u021belor cheie (alfabetizarea, calculul&hellip;&nbsp;<a href=\"https:\/\/blossom.erasmus.site\/ro\/about-the-project\/\" rel=\"bookmark\">Cite\u0219te mai mult &raquo;<span class=\"screen-reader-text\">Despre proiect<\/span><\/a><\/p>\n","protected":false},"author":1,"featured_media":103,"parent":0,"menu_order":0,"comment_status":"closed","ping_status":"closed","template":"","meta":{"neve_meta_sidebar":"","neve_meta_container":"","neve_meta_enable_content_width":"off","neve_meta_content_width":100,"neve_meta_title_alignment":"","neve_meta_author_avatar":"","neve_post_elements_order":"","neve_meta_disable_header":"","neve_meta_disable_footer":"","neve_meta_disable_title":"","footnotes":""},"class_list":["post-102","page","type-page","status-publish","has-post-thumbnail","hentry"],"_links":{"self":[{"href":"https:\/\/blossom.erasmus.site\/ro\/wp-json\/wp\/v2\/pages\/102","targetHints":{"allow":["GET"]}}],"collection":[{"href":"https:\/\/blossom.erasmus.site\/ro\/wp-json\/wp\/v2\/pages"}],"about":[{"href":"https:\/\/blossom.erasmus.site\/ro\/wp-json\/wp\/v2\/types\/page"}],"author":[{"embeddable":true,"href":"https:\/\/blossom.erasmus.site\/ro\/wp-json\/wp\/v2\/users\/1"}],"replies":[{"embeddable":true,"href":"https:\/\/blossom.erasmus.site\/ro\/wp-json\/wp\/v2\/comments?post=102"}],"version-history":[{"count":6,"href":"https:\/\/blossom.erasmus.site\/ro\/wp-json\/wp\/v2\/pages\/102\/revisions"}],"predecessor-version":[{"id":254,"href":"https:\/\/blossom.erasmus.site\/ro\/wp-json\/wp\/v2\/pages\/102\/revisions\/254"}],"wp:featuredmedia":[{"embeddable":true,"href":"https:\/\/blossom.erasmus.site\/ro\/wp-json\/wp\/v2\/media\/103"}],"wp:attachment":[{"href":"https:\/\/blossom.erasmus.site\/ro\/wp-json\/wp\/v2\/media?parent=102"}],"curies":[{"name":"wp","href":"https:\/\/api.w.org\/{rel}","templated":true}]}}