{"id":37,"date":"2022-07-12T14:14:36","date_gmt":"2022-07-12T14:14:36","guid":{"rendered":"https:\/\/blossom.erasmus.site\/?page_id=37"},"modified":"2024-07-23T18:08:47","modified_gmt":"2024-07-23T18:08:47","slug":"home","status":"publish","type":"page","link":"https:\/\/blossom.erasmus.site\/pl\/","title":{"rendered":"Strona g\u0142\u00f3wna"},"content":{"rendered":"\t\t<div data-elementor-type=\"wp-page\" data-elementor-id=\"37\" class=\"elementor elementor-37\">\n\t\t\t\t\t\t<section class=\"elementor-section elementor-top-section elementor-element elementor-element-c486525 elementor-section-height-min-height elementor-section-boxed elementor-section-height-default elementor-section-items-middle\" data-id=\"c486525\" data-element_type=\"section\" data-e-type=\"section\" data-settings=\"{&quot;background_background&quot;:&quot;classic&quot;}\">\n\t\t\t\t\t\t\t<div class=\"elementor-background-overlay\"><\/div>\n\t\t\t\t\t\t\t<div class=\"elementor-container elementor-column-gap-default\">\n\t\t\t\t\t<div class=\"elementor-column elementor-col-50 elementor-top-column elementor-element elementor-element-31a34e0\" data-id=\"31a34e0\" data-element_type=\"column\" data-e-type=\"column\">\n\t\t\t<div class=\"elementor-widget-wrap elementor-element-populated\">\n\t\t\t\t\t\t<div class=\"elementor-element elementor-element-d306df1 elementor-widget elementor-widget-heading\" data-id=\"d306df1\" data-element_type=\"widget\" data-e-type=\"widget\" data-widget_type=\"heading.default\">\n\t\t\t\t<div class=\"elementor-widget-container\">\n\t\t\t\t\t<h2 class=\"elementor-heading-title elementor-size-default\">BLOSSOM<\/h2>\t\t\t\t<\/div>\n\t\t\t\t<\/div>\n\t\t\t\t<div class=\"elementor-element elementor-element-6ca3298 elementor-widget elementor-widget-heading\" data-id=\"6ca3298\" data-element_type=\"widget\" data-e-type=\"widget\" data-widget_type=\"heading.default\">\n\t\t\t\t<div class=\"elementor-widget-container\">\n\t\t\t\t\t<h2 class=\"elementor-heading-title elementor-size-large\">Podstawowe kompetencje, takie jak umiej\u0119tno\u015b\u0107 czytania, pisania, liczenia i umiej\u0119tno\u015bci informatyczne, ukierunkowane na rozw\u00f3j przedsi\u0119biorczo\u015bci<\/h2>\t\t\t\t<\/div>\n\t\t\t\t<\/div>\n\t\t\t\t<div class=\"elementor-element elementor-element-471915f elementor-widget elementor-widget-heading\" data-id=\"471915f\" data-element_type=\"widget\" data-e-type=\"widget\" data-widget_type=\"heading.default\">\n\t\t\t\t<div class=\"elementor-widget-container\">\n\t\t\t\t\t<h2 class=\"elementor-heading-title elementor-size-large\">Partnerstwa na rzecz wsp\u00f3\u0142pracy w kszta\u0142ceniu doros\u0142ych<\/h2>\t\t\t\t<\/div>\n\t\t\t\t<\/div>\n\t\t\t\t<div class=\"elementor-element elementor-element-4ae48af elementor-widget elementor-widget-text-editor\" data-id=\"4ae48af\" data-element_type=\"widget\" data-e-type=\"widget\" data-widget_type=\"text-editor.default\">\n\t\t\t\t<div class=\"elementor-widget-container\">\n\t\t\t\t\t\t\t\t\t<p>Numer projektu: 2021-1-ES01-KA220-ADU-000035128<br \/>Czas trwania projektu: 01.02.2022 &#8211; 01.02.2024<\/p>\t\t\t\t\t\t\t\t<\/div>\n\t\t\t\t<\/div>\n\t\t\t\t\t<\/div>\n\t\t<\/div>\n\t\t\t\t<div class=\"elementor-column elementor-col-50 elementor-top-column elementor-element elementor-element-8403fa1\" data-id=\"8403fa1\" data-element_type=\"column\" data-e-type=\"column\">\n\t\t\t<div class=\"elementor-widget-wrap elementor-element-populated\">\n\t\t\t\t\t\t<div class=\"elementor-element elementor-element-8d21822 elementor-widget elementor-widget-text-editor\" data-id=\"8d21822\" data-element_type=\"widget\" data-e-type=\"widget\" data-widget_type=\"text-editor.default\">\n\t\t\t\t<div class=\"elementor-widget-container\">\n\t\t\t\t\t\t\t\t\t<p><\/p><p><\/p><p>W projekcie BLOSSOM bierze udzia\u0142 5 partner\u00f3w z 5 kraj\u00f3w UE.<\/p><p>Og\u00f3lnym celem projektu BLOSSOM jest poprawa mo\u017cliwo\u015bci uczenia si\u0119 doros\u0142ych kobiet o niskich kwalifikacjach poprzez wzmocnienie ich podstawowych kompetencji, takich jak umiej\u0119tno\u015b\u0107 czytania i pisania, umiej\u0119tno\u015b\u0107 liczenia oraz umiej\u0119tno\u015bci cyfrowe ukierunkowane na rozw\u00f3j biznesu.<\/p><p>BLOSSOM jest przeznaczony dla doros\u0142ych kobiet o niskich kwalifikacjach oraz ekspert\u00f3w, organizator\u00f3w i decydent\u00f3w w dziedzinie edukacji doros\u0142ych.<\/p><p><\/p>\t\t\t\t\t\t\t\t<\/div>\n\t\t\t\t<\/div>\n\t\t\t\t\t<\/div>\n\t\t<\/div>\n\t\t\t\t\t<\/div>\n\t\t<\/section>\n\t\t\t\t<section class=\"elementor-section elementor-top-section elementor-element elementor-element-dfabb43 elementor-section-boxed elementor-section-height-default elementor-section-height-default\" data-id=\"dfabb43\" data-element_type=\"section\" data-e-type=\"section\">\n\t\t\t\t\t\t<div class=\"elementor-container elementor-column-gap-default\">\n\t\t\t\t\t<div class=\"elementor-column elementor-col-100 elementor-top-column elementor-element elementor-element-5c132de\" data-id=\"5c132de\" data-element_type=\"column\" data-e-type=\"column\">\n\t\t\t<div class=\"elementor-widget-wrap elementor-element-populated\">\n\t\t\t\t\t\t<div class=\"elementor-element elementor-element-4220861 elementor-widget elementor-widget-heading\" data-id=\"4220861\" data-element_type=\"widget\" data-e-type=\"widget\" data-widget_type=\"heading.default\">\n\t\t\t\t<div class=\"elementor-widget-container\">\n\t\t\t\t\t<h2 class=\"elementor-heading-title elementor-size-default\">O projekcie<\/h2>\t\t\t\t<\/div>\n\t\t\t\t<\/div>\n\t\t\t\t\t<\/div>\n\t\t<\/div>\n\t\t\t\t\t<\/div>\n\t\t<\/section>\n\t\t\t\t<section class=\"elementor-section elementor-top-section elementor-element elementor-element-2a880b7 elementor-section-height-min-height elementor-section-boxed elementor-section-height-default elementor-section-items-middle\" data-id=\"2a880b7\" data-element_type=\"section\" data-e-type=\"section\">\n\t\t\t\t\t\t<div class=\"elementor-container elementor-column-gap-default\">\n\t\t\t\t\t<div class=\"elementor-column elementor-col-50 elementor-top-column elementor-element elementor-element-3b99a05\" data-id=\"3b99a05\" data-element_type=\"column\" data-e-type=\"column\">\n\t\t\t<div class=\"elementor-widget-wrap elementor-element-populated\">\n\t\t\t\t\t\t<div class=\"elementor-element elementor-element-4fdf5f8 elementor-widget elementor-widget-text-editor\" data-id=\"4fdf5f8\" data-element_type=\"widget\" data-e-type=\"widget\" data-widget_type=\"text-editor.default\">\n\t\t\t\t<div class=\"elementor-widget-container\">\n\t\t\t\t\t\t\t\t\t<p><\/p><p><\/li><\/ul><p><\/p><p><strong>Cel projektu BLOSSOM<\/strong><\/p><p>Celem projektu BLOSSOM jest zwi\u0119kszenie indywidualnego zakresu dzia\u0142ania doros\u0142ych kobiet na rynku pracy i w innych dziedzinach \u017cycia poprzez zapewnienie pe\u0142nego, interaktywnego i innowacyjnego podej\u015bcia szkoleniowego wraz z narz\u0119dziem oceny, kt\u00f3re zapewni niezb\u0119dn\u0105 informacj\u0119 zwrotn\u0105 na temat potrzeb oraz nabytych nowych umiej\u0119tno\u015bci i kompetencji.\u00a0 Naszym celem jest NABYCIE lub POPRAWA KOMPETENCJI BIZNESOWYCH, LICZBOWYCH I CYFROWYCH DOROS\u0141YCH KOBIET O NISKICH KWALIFIKACJACH. W szczeg\u00f3lno\u015bci wyzwanie, jakim jest masowe BEZROBOCIE, zmusza te osoby do wi\u0119kszej przedsi\u0119biorczo\u015bci i lepszych umiej\u0119tno\u015bci, aby znale\u017a\u0107 odpowiedni\u0105 prac\u0119 lub za\u0142o\u017cy\u0107 w\u0142asn\u0105 firm\u0119.<\/p><p>Dzi\u0119ki realizacji projektu BLOSSOM zostan\u0105 zrealizowane nast\u0119puj\u0105ce priorytety edukacji doros\u0142ych:<\/p><ul><li>Poprawa dost\u0119pno\u015bci wysokiej jako\u015bci mo\u017cliwo\u015bci uczenia si\u0119 dla doros\u0142ych.<\/li><li>Uwzgl\u0119dnienie transformacji cyfrowej poprzez rozwijanie gotowo\u015bci, odporno\u015bci i potencja\u0142u cyfrowego.<\/li><li>Tworzenie \u015bcie\u017cek podnoszenia kwalifikacji, poprawa dost\u0119pno\u015bci i zwi\u0119kszenie liczby os\u00f3b korzystaj\u0105cych z edukacji doros\u0142ych.<\/li><\/ul><p><\/li><\/ul><p><\/li><\/ul>\t\t\t\t\t\t\t\t<\/div>\n\t\t\t\t<\/div>\n\t\t\t\t\t<\/div>\n\t\t<\/div>\n\t\t\t\t<div class=\"elementor-column elementor-col-50 elementor-top-column elementor-element elementor-element-4c5e8df\" data-id=\"4c5e8df\" data-element_type=\"column\" data-e-type=\"column\">\n\t\t\t<div class=\"elementor-widget-wrap elementor-element-populated\">\n\t\t\t\t\t\t<div class=\"elementor-element elementor-element-b4952d5 elementor-widget elementor-widget-text-editor\" data-id=\"b4952d5\" data-element_type=\"widget\" data-e-type=\"widget\" data-widget_type=\"text-editor.default\">\n\t\t\t\t<div class=\"elementor-widget-container\">\n\t\t\t\t\t\t\t\t\t<div style=\"width: 1080px;\" class=\"wp-video\"><video class=\"wp-video-shortcode\" id=\"video-37-1\" width=\"1080\" height=\"1080\" preload=\"metadata\" controls=\"controls\"><source type=\"video\/mp4\" src=\"https:\/\/blossom.erasmus.site\/wp-content\/uploads\/2024\/03\/BLOSSOM-VIDEO.mp4?_=1\" \/><a href=\"https:\/\/blossom.erasmus.site\/wp-content\/uploads\/2024\/03\/BLOSSOM-VIDEO.mp4\">https:\/\/blossom.erasmus.site\/wp-content\/uploads\/2024\/03\/BLOSSOM-VIDEO.mp4<\/a><\/video><\/div>\t\t\t\t\t\t\t\t<\/div>\n\t\t\t\t<\/div>\n\t\t\t\t\t<\/div>\n\t\t<\/div>\n\t\t\t\t\t<\/div>\n\t\t<\/section>\n\t\t\t\t<section class=\"elementor-section elementor-top-section elementor-element elementor-element-b78e165 elementor-section-boxed elementor-section-height-default elementor-section-height-default\" data-id=\"b78e165\" data-element_type=\"section\" data-e-type=\"section\">\n\t\t\t\t\t\t<div class=\"elementor-container elementor-column-gap-default\">\n\t\t\t\t\t<div class=\"elementor-column elementor-col-100 elementor-top-column elementor-element elementor-element-e9f85bd\" data-id=\"e9f85bd\" data-element_type=\"column\" data-e-type=\"column\">\n\t\t\t<div class=\"elementor-widget-wrap elementor-element-populated\">\n\t\t\t\t\t\t<div class=\"elementor-element elementor-element-226611f elementor-widget elementor-widget-menu-anchor\" data-id=\"226611f\" data-element_type=\"widget\" data-e-type=\"widget\" data-widget_type=\"menu-anchor.default\">\n\t\t\t\t<div class=\"elementor-widget-container\">\n\t\t\t\t\t\t\t<div class=\"elementor-menu-anchor\" id=\"results\"><\/div>\n\t\t\t\t\t\t<\/div>\n\t\t\t\t<\/div>\n\t\t\t\t<div class=\"elementor-element elementor-element-7471288 elementor-widget elementor-widget-heading\" data-id=\"7471288\" data-element_type=\"widget\" data-e-type=\"widget\" data-widget_type=\"heading.default\">\n\t\t\t\t<div class=\"elementor-widget-container\">\n\t\t\t\t\t<h2 class=\"elementor-heading-title elementor-size-default\">Rezultaty projektu<\/h2>\t\t\t\t<\/div>\n\t\t\t\t<\/div>\n\t\t\t\t\t<\/div>\n\t\t<\/div>\n\t\t\t\t\t<\/div>\n\t\t<\/section>\n\t\t\t\t<section class=\"elementor-section elementor-top-section elementor-element elementor-element-08ade7c elementor-section-boxed elementor-section-height-default elementor-section-height-default\" data-id=\"08ade7c\" data-element_type=\"section\" data-e-type=\"section\">\n\t\t\t\t\t\t<div class=\"elementor-container elementor-column-gap-default\">\n\t\t\t\t\t<div class=\"elementor-column elementor-col-25 elementor-top-column elementor-element elementor-element-4db2779\" data-id=\"4db2779\" data-element_type=\"column\" data-e-type=\"column\">\n\t\t\t<div class=\"elementor-widget-wrap elementor-element-populated\">\n\t\t\t\t\t\t<div class=\"elementor-element elementor-element-6801ac6 elementor-widget elementor-widget-heading\" data-id=\"6801ac6\" data-element_type=\"widget\" data-e-type=\"widget\" data-widget_type=\"heading.default\">\n\t\t\t\t<div class=\"elementor-widget-container\">\n\t\t\t\t\t<h2 class=\"elementor-heading-title elementor-size-medium\">Rezultat 1.<\/h2>\t\t\t\t<\/div>\n\t\t\t\t<\/div>\n\t\t\t\t<div class=\"elementor-element elementor-element-329db09 elementor-widget elementor-widget-text-editor\" data-id=\"329db09\" data-element_type=\"widget\" data-e-type=\"widget\" data-widget_type=\"text-editor.default\">\n\t\t\t\t<div class=\"elementor-widget-container\">\n\t\t\t\t\t\t\t\t\t<p>Zaprojektowanie i opracowanie modelu umiej\u0119tno\u015bci podstawowych i kluczowych kompetencji potrzebnych do podnoszenia kwalifikacji doros\u0142ych kobiet z uwzgl\u0119dnieniem motywacji kobiet do rozwoju zawodowego oraz umiej\u0119tno\u015bci biznesowych, numerycznych i cyfrowych.<\/p>\t\t\t\t\t\t\t\t<\/div>\n\t\t\t\t<\/div>\n\t\t\t\t<div class=\"elementor-element elementor-element-34f54ed elementor-align-center elementor-widget elementor-widget-button\" data-id=\"34f54ed\" data-element_type=\"widget\" data-e-type=\"widget\" data-widget_type=\"button.default\">\n\t\t\t\t<div class=\"elementor-widget-container\">\n\t\t\t\t\t\t\t\t\t<div class=\"elementor-button-wrapper\">\n\t\t\t\t\t<a class=\"elementor-button elementor-button-link elementor-size-sm\" href=\"https:\/\/blossom.erasmus.site\/wp-content\/uploads\/2024\/07\/BLOSSOM-Conceptual-Model-Framework-PL.pdf\" target=\"_blank\" download=\"\">\n\t\t\t\t\t\t<span class=\"elementor-button-content-wrapper\">\n\t\t\t\t\t\t\t\t\t<span class=\"elementor-button-text\">Pobierz<\/span>\n\t\t\t\t\t<\/span>\n\t\t\t\t\t<\/a>\n\t\t\t\t<\/div>\n\t\t\t\t\t\t\t\t<\/div>\n\t\t\t\t<\/div>\n\t\t\t\t\t<\/div>\n\t\t<\/div>\n\t\t\t\t<div class=\"elementor-column elementor-col-25 elementor-top-column elementor-element elementor-element-9b5ce25\" data-id=\"9b5ce25\" data-element_type=\"column\" data-e-type=\"column\">\n\t\t\t<div class=\"elementor-widget-wrap elementor-element-populated\">\n\t\t\t\t\t\t<div class=\"elementor-element elementor-element-847e2d5 elementor-widget elementor-widget-heading\" data-id=\"847e2d5\" data-element_type=\"widget\" data-e-type=\"widget\" data-widget_type=\"heading.default\">\n\t\t\t\t<div class=\"elementor-widget-container\">\n\t\t\t\t\t<h2 class=\"elementor-heading-title elementor-size-medium\">Rezultat 2.<\/h2>\t\t\t\t<\/div>\n\t\t\t\t<\/div>\n\t\t\t\t<div class=\"elementor-element elementor-element-c54d2a5 elementor-widget elementor-widget-text-editor\" data-id=\"c54d2a5\" data-element_type=\"widget\" data-e-type=\"widget\" data-widget_type=\"text-editor.default\">\n\t\t\t\t<div class=\"elementor-widget-container\">\n\t\t\t\t\t\t\t\t\t<p>Zaplanowanie i opracowanie programu szkolenia w zakresie rozwoju zawodowego kobiet, umiej\u0119tno\u015bci biznesowych, czytania, pisania, liczenia i umiej\u0119tno\u015bci informatycznych dla doros\u0142ych kobiet o niskich kwalifikacjach w formie ZESTAWU NARZ\u0118DZI <\/p>\t\t\t\t\t\t\t\t<\/div>\n\t\t\t\t<\/div>\n\t\t\t\t<div class=\"elementor-element elementor-element-28dd4fe elementor-align-center elementor-widget elementor-widget-button\" data-id=\"28dd4fe\" data-element_type=\"widget\" data-e-type=\"widget\" data-widget_type=\"button.default\">\n\t\t\t\t<div class=\"elementor-widget-container\">\n\t\t\t\t\t\t\t\t\t<div class=\"elementor-button-wrapper\">\n\t\t\t\t\t<a class=\"elementor-button elementor-button-link elementor-size-sm\" href=\"https:\/\/blossom.erasmus.site\/wp-content\/uploads\/2024\/07\/PR2_BLOSSOM_PL.pdf\" target=\"_blank\" download=\"\">\n\t\t\t\t\t\t<span class=\"elementor-button-content-wrapper\">\n\t\t\t\t\t\t\t\t\t<span class=\"elementor-button-text\">Pobierz<\/span>\n\t\t\t\t\t<\/span>\n\t\t\t\t\t<\/a>\n\t\t\t\t<\/div>\n\t\t\t\t\t\t\t\t<\/div>\n\t\t\t\t<\/div>\n\t\t\t\t\t<\/div>\n\t\t<\/div>\n\t\t\t\t<div class=\"elementor-column elementor-col-25 elementor-top-column elementor-element elementor-element-013bc5d\" data-id=\"013bc5d\" data-element_type=\"column\" data-e-type=\"column\">\n\t\t\t<div class=\"elementor-widget-wrap elementor-element-populated\">\n\t\t\t\t\t\t<div class=\"elementor-element elementor-element-a66e03c elementor-widget elementor-widget-heading\" data-id=\"a66e03c\" data-element_type=\"widget\" data-e-type=\"widget\" data-widget_type=\"heading.default\">\n\t\t\t\t<div class=\"elementor-widget-container\">\n\t\t\t\t\t<h2 class=\"elementor-heading-title elementor-size-medium\">Rezultat 3.<\/h2>\t\t\t\t<\/div>\n\t\t\t\t<\/div>\n\t\t\t\t<div class=\"elementor-element elementor-element-ce91700 elementor-widget elementor-widget-text-editor\" data-id=\"ce91700\" data-element_type=\"widget\" data-e-type=\"widget\" data-widget_type=\"text-editor.default\">\n\t\t\t\t<div class=\"elementor-widget-container\">\n\t\t\t\t\t\t\t\t\t<p>Platforma e-learningowa dla programu szkoleniowego &#8222;BLOSSOM&#8221;<\/p>\t\t\t\t\t\t\t\t<\/div>\n\t\t\t\t<\/div>\n\t\t\t\t<div class=\"elementor-element elementor-element-b1d4fb5 elementor-align-center elementor-widget elementor-widget-button\" data-id=\"b1d4fb5\" data-element_type=\"widget\" data-e-type=\"widget\" data-widget_type=\"button.default\">\n\t\t\t\t<div class=\"elementor-widget-container\">\n\t\t\t\t\t\t\t\t\t<div class=\"elementor-button-wrapper\">\n\t\t\t\t\t<a class=\"elementor-button elementor-button-link elementor-size-sm\" href=\"https:\/\/blossom.erasmus.site\/platform\" target=\"_blank\">\n\t\t\t\t\t\t<span class=\"elementor-button-content-wrapper\">\n\t\t\t\t\t\t\t\t\t<span class=\"elementor-button-text\">Otw\u00f3rz<\/span>\n\t\t\t\t\t<\/span>\n\t\t\t\t\t<\/a>\n\t\t\t\t<\/div>\n\t\t\t\t\t\t\t\t<\/div>\n\t\t\t\t<\/div>\n\t\t\t\t\t<\/div>\n\t\t<\/div>\n\t\t\t\t<div class=\"elementor-column elementor-col-25 elementor-top-column elementor-element elementor-element-29c9854\" data-id=\"29c9854\" data-element_type=\"column\" data-e-type=\"column\">\n\t\t\t<div class=\"elementor-widget-wrap elementor-element-populated\">\n\t\t\t\t\t\t<div class=\"elementor-element elementor-element-1850096 elementor-widget elementor-widget-heading\" data-id=\"1850096\" data-element_type=\"widget\" data-e-type=\"widget\" data-widget_type=\"heading.default\">\n\t\t\t\t<div class=\"elementor-widget-container\">\n\t\t\t\t\t<h2 class=\"elementor-heading-title elementor-size-medium\">Rezultat 4.\u200b<\/h2>\t\t\t\t<\/div>\n\t\t\t\t<\/div>\n\t\t\t\t<div class=\"elementor-element elementor-element-8b70ce3 elementor-widget elementor-widget-text-editor\" data-id=\"8b70ce3\" data-element_type=\"widget\" data-e-type=\"widget\" data-widget_type=\"text-editor.default\">\n\t\t\t\t<div class=\"elementor-widget-container\">\n\t\t\t\t\t\t\t\t\t<p>Narz\u0119dzie do samooceny dla BLOSSOM<\/p>\t\t\t\t\t\t\t\t<\/div>\n\t\t\t\t<\/div>\n\t\t\t\t<div class=\"elementor-element elementor-element-e885b25 elementor-align-center elementor-widget elementor-widget-button\" data-id=\"e885b25\" data-element_type=\"widget\" data-e-type=\"widget\" data-widget_type=\"button.default\">\n\t\t\t\t<div class=\"elementor-widget-container\">\n\t\t\t\t\t\t\t\t\t<div class=\"elementor-button-wrapper\">\n\t\t\t\t\t<a class=\"elementor-button elementor-button-link elementor-size-sm\" href=\"https:\/\/blossom.erasmus.site\/platform\/assessment\" target=\"_blank\">\n\t\t\t\t\t\t<span class=\"elementor-button-content-wrapper\">\n\t\t\t\t\t\t\t\t\t<span class=\"elementor-button-text\">Otw\u00f3rz<\/span>\n\t\t\t\t\t<\/span>\n\t\t\t\t\t<\/a>\n\t\t\t\t<\/div>\n\t\t\t\t\t\t\t\t<\/div>\n\t\t\t\t<\/div>\n\t\t\t\t\t<\/div>\n\t\t<\/div>\n\t\t\t\t\t<\/div>\n\t\t<\/section>\n\t\t\t\t<\/div>\n\t\t","protected":false},"excerpt":{"rendered":"<p>BLOSSOM Podstawowe kompetencje, takie jak umiej\u0119tno\u015b\u0107 czytania, pisania, liczenia i umiej\u0119tno\u015bci informatyczne, ukierunkowane na rozw\u00f3j przedsi\u0119biorczo\u015bci Partnerstwa na rzecz wsp\u00f3\u0142pracy w kszta\u0142ceniu doros\u0142ych Numer projektu: 2021-1-ES01-KA220-ADU-000035128Czas trwania projektu: 01.02.2022 &#8211; 01.02.2024 W projekcie BLOSSOM bierze udzia\u0142 5 partner\u00f3w z 5 kraj\u00f3w UE. Og\u00f3lnym celem projektu BLOSSOM jest poprawa mo\u017cliwo\u015bci uczenia si\u0119 doros\u0142ych kobiet o niskich&hellip;&nbsp;<a href=\"https:\/\/blossom.erasmus.site\/pl\/\" rel=\"bookmark\">Dowiedz si\u0119 wi\u0119cej &raquo;<span class=\"screen-reader-text\">Strona g\u0142\u00f3wna<\/span><\/a><\/p>\n","protected":false},"author":1,"featured_media":0,"parent":0,"menu_order":0,"comment_status":"closed","ping_status":"closed","template":"page-templates\/template-pagebuilder-full-width.php","meta":{"neve_meta_sidebar":"","neve_meta_container":"","neve_meta_enable_content_width":"off","neve_meta_content_width":100,"neve_meta_title_alignment":"","neve_meta_author_avatar":"","neve_post_elements_order":"","neve_meta_disable_header":"","neve_meta_disable_footer":"","neve_meta_disable_title":"on","footnotes":""},"class_list":["post-37","page","type-page","status-publish","hentry"],"_links":{"self":[{"href":"https:\/\/blossom.erasmus.site\/pl\/wp-json\/wp\/v2\/pages\/37","targetHints":{"allow":["GET"]}}],"collection":[{"href":"https:\/\/blossom.erasmus.site\/pl\/wp-json\/wp\/v2\/pages"}],"about":[{"href":"https:\/\/blossom.erasmus.site\/pl\/wp-json\/wp\/v2\/types\/page"}],"author":[{"embeddable":true,"href":"https:\/\/blossom.erasmus.site\/pl\/wp-json\/wp\/v2\/users\/1"}],"replies":[{"embeddable":true,"href":"https:\/\/blossom.erasmus.site\/pl\/wp-json\/wp\/v2\/comments?post=37"}],"version-history":[{"count":206,"href":"https:\/\/blossom.erasmus.site\/pl\/wp-json\/wp\/v2\/pages\/37\/revisions"}],"predecessor-version":[{"id":528,"href":"https:\/\/blossom.erasmus.site\/pl\/wp-json\/wp\/v2\/pages\/37\/revisions\/528"}],"wp:attachment":[{"href":"https:\/\/blossom.erasmus.site\/pl\/wp-json\/wp\/v2\/media?parent=37"}],"curies":[{"name":"wp","href":"https:\/\/api.w.org\/{rel}","templated":true}]}}