{"id":126,"date":"2022-07-13T07:31:25","date_gmt":"2022-07-13T07:31:25","guid":{"rendered":"https:\/\/blossom.erasmus.site\/?page_id=126"},"modified":"2024-07-23T18:22:04","modified_gmt":"2024-07-23T18:22:04","slug":"project-results","status":"publish","type":"page","link":"https:\/\/blossom.erasmus.site\/pl\/project-results\/","title":{"rendered":"Rezultaty projektu"},"content":{"rendered":"\t\t<div data-elementor-type=\"wp-page\" data-elementor-id=\"126\" class=\"elementor elementor-126\">\n\t\t\t\t\t\t<section class=\"elementor-section elementor-top-section elementor-element elementor-element-ff2bbf1 elementor-section-boxed elementor-section-height-default elementor-section-height-default\" data-id=\"ff2bbf1\" data-element_type=\"section\" data-e-type=\"section\">\n\t\t\t\t\t\t<div class=\"elementor-container elementor-column-gap-default\">\n\t\t\t\t\t<div class=\"elementor-column elementor-col-25 elementor-top-column elementor-element elementor-element-4e9527c\" data-id=\"4e9527c\" data-element_type=\"column\" data-e-type=\"column\">\n\t\t\t<div class=\"elementor-widget-wrap elementor-element-populated\">\n\t\t\t\t\t\t<div class=\"elementor-element elementor-element-1e6e855 elementor-widget elementor-widget-image\" data-id=\"1e6e855\" data-element_type=\"widget\" data-e-type=\"widget\" data-widget_type=\"image.default\">\n\t\t\t\t<div class=\"elementor-widget-container\">\n\t\t\t\t\t\t\t\t\t\t\t\t\t\t\t<img fetchpriority=\"high\" decoding=\"async\" width=\"714\" height=\"1000\" src=\"https:\/\/blossom.erasmus.site\/wp-content\/uploads\/2022\/07\/hands-holding-number-1.jpg\" class=\"attachment-large size-large wp-image-128\" alt=\"\" srcset=\"https:\/\/blossom.erasmus.site\/wp-content\/uploads\/2022\/07\/hands-holding-number-1.jpg 714w, https:\/\/blossom.erasmus.site\/wp-content\/uploads\/2022\/07\/hands-holding-number-1-214x300.jpg 214w, https:\/\/blossom.erasmus.site\/wp-content\/uploads\/2022\/07\/hands-holding-number-1-17x24.jpg 17w, https:\/\/blossom.erasmus.site\/wp-content\/uploads\/2022\/07\/hands-holding-number-1-26x36.jpg 26w, https:\/\/blossom.erasmus.site\/wp-content\/uploads\/2022\/07\/hands-holding-number-1-34x48.jpg 34w\" sizes=\"(max-width: 714px) 100vw, 714px\" \/>\t\t\t\t\t\t\t\t\t\t\t\t\t\t\t<\/div>\n\t\t\t\t<\/div>\n\t\t\t\t<div class=\"elementor-element elementor-element-c54244c elementor-widget elementor-widget-heading\" data-id=\"c54244c\" data-element_type=\"widget\" data-e-type=\"widget\" data-widget_type=\"heading.default\">\n\t\t\t\t<div class=\"elementor-widget-container\">\n\t\t\t\t\t<h2 class=\"elementor-heading-title elementor-size-medium\">Rezultat 1.<\/h2>\t\t\t\t<\/div>\n\t\t\t\t<\/div>\n\t\t\t\t<div class=\"elementor-element elementor-element-20aef1c elementor-widget elementor-widget-text-editor\" data-id=\"20aef1c\" data-element_type=\"widget\" data-e-type=\"widget\" data-widget_type=\"text-editor.default\">\n\t\t\t\t<div class=\"elementor-widget-container\">\n\t\t\t\t\t\t\t\t\t<p>Zaprojektowanie i opracowanie modelu umiej\u0119tno\u015bci podstawowych i kluczowych kompetencji potrzebnych do podnoszenia kwalifikacji doros\u0142ych kobiet z uwzgl\u0119dnieniem motywacji kobiet do rozwoju zawodowego oraz umiej\u0119tno\u015bci biznesowych, numerycznych i cyfrowych.<\/p>\t\t\t\t\t\t\t\t<\/div>\n\t\t\t\t<\/div>\n\t\t\t\t<div class=\"elementor-element elementor-element-79f77a6 elementor-align-center elementor-widget elementor-widget-button\" data-id=\"79f77a6\" data-element_type=\"widget\" data-e-type=\"widget\" data-widget_type=\"button.default\">\n\t\t\t\t<div class=\"elementor-widget-container\">\n\t\t\t\t\t\t\t\t\t<div class=\"elementor-button-wrapper\">\n\t\t\t\t\t<a class=\"elementor-button elementor-button-link elementor-size-sm\" href=\"https:\/\/blossom.erasmus.site\/wp-content\/uploads\/2024\/07\/BLOSSOM-Conceptual-Model-Framework-PL.pdf\" target=\"_blank\" download=\"\">\n\t\t\t\t\t\t<span class=\"elementor-button-content-wrapper\">\n\t\t\t\t\t\t\t\t\t<span class=\"elementor-button-text\">Pobierz<\/span>\n\t\t\t\t\t<\/span>\n\t\t\t\t\t<\/a>\n\t\t\t\t<\/div>\n\t\t\t\t\t\t\t\t<\/div>\n\t\t\t\t<\/div>\n\t\t\t\t\t<\/div>\n\t\t<\/div>\n\t\t\t\t<div class=\"elementor-column elementor-col-25 elementor-top-column elementor-element elementor-element-baec5fc\" data-id=\"baec5fc\" data-element_type=\"column\" data-e-type=\"column\">\n\t\t\t<div class=\"elementor-widget-wrap elementor-element-populated\">\n\t\t\t\t\t\t<div class=\"elementor-element elementor-element-9d97f62 elementor-widget elementor-widget-image\" data-id=\"9d97f62\" data-element_type=\"widget\" data-e-type=\"widget\" data-widget_type=\"image.default\">\n\t\t\t\t<div class=\"elementor-widget-container\">\n\t\t\t\t\t\t\t\t\t\t\t\t\t\t\t<img decoding=\"async\" width=\"714\" height=\"1000\" src=\"https:\/\/blossom.erasmus.site\/wp-content\/uploads\/2022\/07\/hand-holding-number-2.jpg\" class=\"attachment-large size-large wp-image-132\" alt=\"\" srcset=\"https:\/\/blossom.erasmus.site\/wp-content\/uploads\/2022\/07\/hand-holding-number-2.jpg 714w, https:\/\/blossom.erasmus.site\/wp-content\/uploads\/2022\/07\/hand-holding-number-2-214x300.jpg 214w, https:\/\/blossom.erasmus.site\/wp-content\/uploads\/2022\/07\/hand-holding-number-2-17x24.jpg 17w, https:\/\/blossom.erasmus.site\/wp-content\/uploads\/2022\/07\/hand-holding-number-2-26x36.jpg 26w, https:\/\/blossom.erasmus.site\/wp-content\/uploads\/2022\/07\/hand-holding-number-2-34x48.jpg 34w\" sizes=\"(max-width: 714px) 100vw, 714px\" \/>\t\t\t\t\t\t\t\t\t\t\t\t\t\t\t<\/div>\n\t\t\t\t<\/div>\n\t\t\t\t<div class=\"elementor-element elementor-element-3afe96f elementor-widget elementor-widget-heading\" data-id=\"3afe96f\" data-element_type=\"widget\" data-e-type=\"widget\" data-widget_type=\"heading.default\">\n\t\t\t\t<div class=\"elementor-widget-container\">\n\t\t\t\t\t<h2 class=\"elementor-heading-title elementor-size-medium\">Rezultat 2.<\/h2>\t\t\t\t<\/div>\n\t\t\t\t<\/div>\n\t\t\t\t<div class=\"elementor-element elementor-element-282b468 elementor-widget elementor-widget-text-editor\" data-id=\"282b468\" data-element_type=\"widget\" data-e-type=\"widget\" data-widget_type=\"text-editor.default\">\n\t\t\t\t<div class=\"elementor-widget-container\">\n\t\t\t\t\t\t\t\t\t<p>Zaplanowanie i opracowanie programu szkolenia w zakresie rozwoju zawodowego kobiet, umiej\u0119tno\u015bci biznesowych, czytania, pisania, liczenia i umiej\u0119tno\u015bci informatycznych dla doros\u0142ych kobiet o niskich kwalifikacjach w formie ZESTAWU NARZ\u0118DZI <\/p>\t\t\t\t\t\t\t\t<\/div>\n\t\t\t\t<\/div>\n\t\t\t\t<div class=\"elementor-element elementor-element-9e90889 elementor-align-center elementor-widget elementor-widget-button\" data-id=\"9e90889\" data-element_type=\"widget\" data-e-type=\"widget\" data-widget_type=\"button.default\">\n\t\t\t\t<div class=\"elementor-widget-container\">\n\t\t\t\t\t\t\t\t\t<div class=\"elementor-button-wrapper\">\n\t\t\t\t\t<a class=\"elementor-button elementor-button-link elementor-size-sm\" href=\"https:\/\/blossom.erasmus.site\/wp-content\/uploads\/2024\/07\/PR2_BLOSSOM_PL.pdf\">\n\t\t\t\t\t\t<span class=\"elementor-button-content-wrapper\">\n\t\t\t\t\t\t\t\t\t<span class=\"elementor-button-text\">Pobierz<\/span>\n\t\t\t\t\t<\/span>\n\t\t\t\t\t<\/a>\n\t\t\t\t<\/div>\n\t\t\t\t\t\t\t\t<\/div>\n\t\t\t\t<\/div>\n\t\t\t\t\t<\/div>\n\t\t<\/div>\n\t\t\t\t<div class=\"elementor-column elementor-col-25 elementor-top-column elementor-element elementor-element-40d3c40\" data-id=\"40d3c40\" data-element_type=\"column\" data-e-type=\"column\">\n\t\t\t<div class=\"elementor-widget-wrap elementor-element-populated\">\n\t\t\t\t\t\t<div class=\"elementor-element elementor-element-7d85e62 elementor-widget elementor-widget-image\" data-id=\"7d85e62\" data-element_type=\"widget\" data-e-type=\"widget\" data-widget_type=\"image.default\">\n\t\t\t\t<div class=\"elementor-widget-container\">\n\t\t\t\t\t\t\t\t\t\t\t\t\t\t\t<img decoding=\"async\" width=\"714\" height=\"1000\" src=\"https:\/\/blossom.erasmus.site\/wp-content\/uploads\/2022\/07\/hand-holding-number-3.jpg\" class=\"attachment-large size-large wp-image-136\" alt=\"\" srcset=\"https:\/\/blossom.erasmus.site\/wp-content\/uploads\/2022\/07\/hand-holding-number-3.jpg 714w, https:\/\/blossom.erasmus.site\/wp-content\/uploads\/2022\/07\/hand-holding-number-3-214x300.jpg 214w, https:\/\/blossom.erasmus.site\/wp-content\/uploads\/2022\/07\/hand-holding-number-3-17x24.jpg 17w, https:\/\/blossom.erasmus.site\/wp-content\/uploads\/2022\/07\/hand-holding-number-3-26x36.jpg 26w, https:\/\/blossom.erasmus.site\/wp-content\/uploads\/2022\/07\/hand-holding-number-3-34x48.jpg 34w\" sizes=\"(max-width: 714px) 100vw, 714px\" \/>\t\t\t\t\t\t\t\t\t\t\t\t\t\t\t<\/div>\n\t\t\t\t<\/div>\n\t\t\t\t<div class=\"elementor-element elementor-element-5dfacae elementor-widget elementor-widget-heading\" data-id=\"5dfacae\" data-element_type=\"widget\" data-e-type=\"widget\" data-widget_type=\"heading.default\">\n\t\t\t\t<div class=\"elementor-widget-container\">\n\t\t\t\t\t<h2 class=\"elementor-heading-title elementor-size-medium\">Rezultat 3.<\/h2>\t\t\t\t<\/div>\n\t\t\t\t<\/div>\n\t\t\t\t<div class=\"elementor-element elementor-element-1caa77e elementor-widget elementor-widget-text-editor\" data-id=\"1caa77e\" data-element_type=\"widget\" data-e-type=\"widget\" data-widget_type=\"text-editor.default\">\n\t\t\t\t<div class=\"elementor-widget-container\">\n\t\t\t\t\t\t\t\t\t<p>Platforma e-learningowa dla programu szkoleniowego &#8222;BLOSSOM&#8221;<\/p>\t\t\t\t\t\t\t\t<\/div>\n\t\t\t\t<\/div>\n\t\t\t\t<div class=\"elementor-element elementor-element-04cf475 elementor-align-center elementor-widget elementor-widget-button\" data-id=\"04cf475\" data-element_type=\"widget\" data-e-type=\"widget\" data-widget_type=\"button.default\">\n\t\t\t\t<div class=\"elementor-widget-container\">\n\t\t\t\t\t\t\t\t\t<div class=\"elementor-button-wrapper\">\n\t\t\t\t\t<a class=\"elementor-button elementor-button-link elementor-size-sm\" href=\"https:\/\/blossom.erasmus.site\/platform\/\" target=\"_blank\">\n\t\t\t\t\t\t<span class=\"elementor-button-content-wrapper\">\n\t\t\t\t\t\t\t\t\t<span class=\"elementor-button-text\">Otw\u00f3rz<\/span>\n\t\t\t\t\t<\/span>\n\t\t\t\t\t<\/a>\n\t\t\t\t<\/div>\n\t\t\t\t\t\t\t\t<\/div>\n\t\t\t\t<\/div>\n\t\t\t\t\t<\/div>\n\t\t<\/div>\n\t\t\t\t<div class=\"elementor-column elementor-col-25 elementor-top-column elementor-element elementor-element-8ac2777\" data-id=\"8ac2777\" data-element_type=\"column\" data-e-type=\"column\">\n\t\t\t<div class=\"elementor-widget-wrap elementor-element-populated\">\n\t\t\t\t\t\t<div class=\"elementor-element elementor-element-b0d5306 elementor-widget elementor-widget-image\" data-id=\"b0d5306\" data-element_type=\"widget\" data-e-type=\"widget\" data-widget_type=\"image.default\">\n\t\t\t\t<div class=\"elementor-widget-container\">\n\t\t\t\t\t\t\t\t\t\t\t\t\t\t\t<img loading=\"lazy\" decoding=\"async\" width=\"714\" height=\"1000\" src=\"https:\/\/blossom.erasmus.site\/wp-content\/uploads\/2022\/07\/hand-holding-number-4.jpg\" class=\"attachment-large size-large wp-image-137\" alt=\"\" srcset=\"https:\/\/blossom.erasmus.site\/wp-content\/uploads\/2022\/07\/hand-holding-number-4.jpg 714w, https:\/\/blossom.erasmus.site\/wp-content\/uploads\/2022\/07\/hand-holding-number-4-214x300.jpg 214w, https:\/\/blossom.erasmus.site\/wp-content\/uploads\/2022\/07\/hand-holding-number-4-17x24.jpg 17w, https:\/\/blossom.erasmus.site\/wp-content\/uploads\/2022\/07\/hand-holding-number-4-26x36.jpg 26w, https:\/\/blossom.erasmus.site\/wp-content\/uploads\/2022\/07\/hand-holding-number-4-34x48.jpg 34w\" sizes=\"(max-width: 714px) 100vw, 714px\" \/>\t\t\t\t\t\t\t\t\t\t\t\t\t\t\t<\/div>\n\t\t\t\t<\/div>\n\t\t\t\t<div class=\"elementor-element elementor-element-dd82179 elementor-widget elementor-widget-heading\" data-id=\"dd82179\" data-element_type=\"widget\" data-e-type=\"widget\" data-widget_type=\"heading.default\">\n\t\t\t\t<div class=\"elementor-widget-container\">\n\t\t\t\t\t<h2 class=\"elementor-heading-title elementor-size-medium\">Rezultat 4.\u200b<\/h2>\t\t\t\t<\/div>\n\t\t\t\t<\/div>\n\t\t\t\t<div class=\"elementor-element elementor-element-178a3b1 elementor-widget elementor-widget-text-editor\" data-id=\"178a3b1\" data-element_type=\"widget\" data-e-type=\"widget\" data-widget_type=\"text-editor.default\">\n\t\t\t\t<div class=\"elementor-widget-container\">\n\t\t\t\t\t\t\t\t\t<p>Narz\u0119dzie do samooceny dla BLOSSOM<\/p>\t\t\t\t\t\t\t\t<\/div>\n\t\t\t\t<\/div>\n\t\t\t\t<div class=\"elementor-element elementor-element-71c4f1e elementor-align-center elementor-widget elementor-widget-button\" data-id=\"71c4f1e\" data-element_type=\"widget\" data-e-type=\"widget\" data-widget_type=\"button.default\">\n\t\t\t\t<div class=\"elementor-widget-container\">\n\t\t\t\t\t\t\t\t\t<div class=\"elementor-button-wrapper\">\n\t\t\t\t\t<a class=\"elementor-button elementor-button-link elementor-size-sm\" href=\"https:\/\/blossom.erasmus.site\/platform\/assessment\" target=\"_blank\">\n\t\t\t\t\t\t<span class=\"elementor-button-content-wrapper\">\n\t\t\t\t\t\t\t\t\t<span class=\"elementor-button-text\">Otw\u00f3rz<\/span>\n\t\t\t\t\t<\/span>\n\t\t\t\t\t<\/a>\n\t\t\t\t<\/div>\n\t\t\t\t\t\t\t\t<\/div>\n\t\t\t\t<\/div>\n\t\t\t\t\t<\/div>\n\t\t<\/div>\n\t\t\t\t\t<\/div>\n\t\t<\/section>\n\t\t\t\t<\/div>\n\t\t","protected":false},"excerpt":{"rendered":"<p>Rezultat 1. Zaprojektowanie i opracowanie modelu umiej\u0119tno\u015bci podstawowych i kluczowych kompetencji potrzebnych do podnoszenia kwalifikacji doros\u0142ych kobiet z uwzgl\u0119dnieniem motywacji kobiet do rozwoju zawodowego oraz umiej\u0119tno\u015bci biznesowych, numerycznych i cyfrowych. Pobierz Rezultat 2. Zaplanowanie i opracowanie programu szkolenia w zakresie rozwoju zawodowego kobiet, umiej\u0119tno\u015bci biznesowych, czytania, pisania, liczenia i umiej\u0119tno\u015bci informatycznych dla doros\u0142ych kobiet o&hellip;&nbsp;<a href=\"https:\/\/blossom.erasmus.site\/pl\/project-results\/\" rel=\"bookmark\">Dowiedz si\u0119 wi\u0119cej &raquo;<span class=\"screen-reader-text\">Rezultaty projektu<\/span><\/a><\/p>\n","protected":false},"author":1,"featured_media":103,"parent":0,"menu_order":0,"comment_status":"closed","ping_status":"closed","template":"page-templates\/template-pagebuilder-full-width.php","meta":{"neve_meta_sidebar":"","neve_meta_container":"","neve_meta_enable_content_width":"off","neve_meta_content_width":100,"neve_meta_title_alignment":"","neve_meta_author_avatar":"","neve_post_elements_order":"","neve_meta_disable_header":"","neve_meta_disable_footer":"","neve_meta_disable_title":"","footnotes":""},"class_list":["post-126","page","type-page","status-publish","has-post-thumbnail","hentry"],"_links":{"self":[{"href":"https:\/\/blossom.erasmus.site\/pl\/wp-json\/wp\/v2\/pages\/126","targetHints":{"allow":["GET"]}}],"collection":[{"href":"https:\/\/blossom.erasmus.site\/pl\/wp-json\/wp\/v2\/pages"}],"about":[{"href":"https:\/\/blossom.erasmus.site\/pl\/wp-json\/wp\/v2\/types\/page"}],"author":[{"embeddable":true,"href":"https:\/\/blossom.erasmus.site\/pl\/wp-json\/wp\/v2\/users\/1"}],"replies":[{"embeddable":true,"href":"https:\/\/blossom.erasmus.site\/pl\/wp-json\/wp\/v2\/comments?post=126"}],"version-history":[{"count":62,"href":"https:\/\/blossom.erasmus.site\/pl\/wp-json\/wp\/v2\/pages\/126\/revisions"}],"predecessor-version":[{"id":534,"href":"https:\/\/blossom.erasmus.site\/pl\/wp-json\/wp\/v2\/pages\/126\/revisions\/534"}],"wp:featuredmedia":[{"embeddable":true,"href":"https:\/\/blossom.erasmus.site\/pl\/wp-json\/wp\/v2\/media\/103"}],"wp:attachment":[{"href":"https:\/\/blossom.erasmus.site\/pl\/wp-json\/wp\/v2\/media?parent=126"}],"curies":[{"name":"wp","href":"https:\/\/api.w.org\/{rel}","templated":true}]}}