{"id":109,"date":"2022-07-12T17:55:54","date_gmt":"2022-07-12T17:55:54","guid":{"rendered":"https:\/\/blossom.erasmus.site\/?page_id=109"},"modified":"2022-07-15T12:51:15","modified_gmt":"2022-07-15T12:51:15","slug":"partnership","status":"publish","type":"page","link":"https:\/\/blossom.erasmus.site\/pl\/partnership\/","title":{"rendered":"Partnerstwo"},"content":{"rendered":"<p><\/p>\n<p style=\"text-align: center;\">BLOSSOM to 5 partner\u00f3w z 5 kraj\u00f3w UE.<\/p>\n<h3 style=\"text-align: center;\"><strong>Koordynator projektu<\/strong><\/h3>\n<h3><img fetchpriority=\"high\" decoding=\"async\" class=\"size-full wp-image-110 aligncenter\" src=\"https:\/\/blossom.erasmus.site\/wp-content\/uploads\/2022\/07\/inno.png\" alt=\"\" width=\"300\" height=\"300\" srcset=\"https:\/\/blossom.erasmus.site\/wp-content\/uploads\/2022\/07\/inno.png 300w, https:\/\/blossom.erasmus.site\/wp-content\/uploads\/2022\/07\/inno-150x150.png 150w, https:\/\/blossom.erasmus.site\/wp-content\/uploads\/2022\/07\/inno-24x24.png 24w, https:\/\/blossom.erasmus.site\/wp-content\/uploads\/2022\/07\/inno-36x36.png 36w, https:\/\/blossom.erasmus.site\/wp-content\/uploads\/2022\/07\/inno-48x48.png 48w\" sizes=\"(max-width: 300px) 100vw, 300px\" \/><\/h3>\n<h3 style=\"text-align: center;\"><strong>ASOCIACI\u00d3N VALENCIA INNO HUB (Innohub)- Hiszpania<\/strong><\/h3>\n<p>Valencia Inno Hub (Innohub) to hiszpa\u0144ska organizacja non-profit, kt\u00f3rej celem jest \u0142\u0105czenie talent\u00f3w, technologii oraz rozwoju osobistego i zawodowego. Jej celem jest promowanie innowacji i nowych rozwi\u0105za\u0144 technologicznych, kt\u00f3re przyczyni\u0105 si\u0119 do lepszej przysz\u0142o\u015bci, poprzez dzia\u0142ania wspieraj\u0105ce innowacyjne i technologiczne \u015brodowisko tw\u00f3rcze, ze szczeg\u00f3lnym uwzgl\u0119dnieniem grup spo\u0142ecznych znajduj\u0105cych si\u0119 w niekorzystnej sytuacji oraz ich integracji ekonomicznej i spo\u0142ecznej. Innohub wierzy w konieczno\u015b\u0107 zmiany modelu ekonomicznego w celu stworzenia bardziej konkurencyjnej i tworz\u0105cej warto\u015b\u0107 gospodarki, zapewniaj\u0105c niezb\u0119dne narz\u0119dzia dla naszych firm i os\u00f3b prywatnych, a tak\u017ce wspieraj\u0105c m\u0142odych ludzi, aby mie\u0107 pewno\u015b\u0107, \u017ce zmiany te zostan\u0105 utrwalone w czasie.<\/p>\n<p>Poprzez mentoring i szkolenia Innohub chce generowa\u0107 pozytywny wp\u0142yw spo\u0142eczny. Innohub wspiera m\u0142odych ludzi, przedsi\u0119biorc\u00f3w, migrant\u00f3w i osoby z grup defaworyzowanych, kt\u00f3re borykaj\u0105 si\u0119 z r\u00f3\u017cnymi czynnikami wykluczenia: m\u0142odzie\u017c i doros\u0142ych z problemami edukacyjnymi, obywateli pa\u0144stw trzecich itp., wzmacniaj\u0105c ich pozycj\u0119 i buduj\u0105c ich umiej\u0119tno\u015bci w zakresie przedsi\u0119biorczo\u015bci i samozatrudnienia w celu osi\u0105gni\u0119cia integracji spo\u0142eczno-ekonomicznej.<\/p>\n<p>Obecnie Innohub wsp\u00f3\u0142pracuje z wieloma podmiotami gospodarczymi, zar\u00f3wno publicznymi, jak i prywatnymi. Stowarzyszenie prowadzi \u015bcis\u0142\u0105 wsp\u00f3\u0142prac\u0119 z podmiotami wspieraj\u0105cymi m\u0142odzie\u017c, przedsi\u0119biorc\u00f3w i grupy spo\u0142eczne znajduj\u0105ce si\u0119 w niekorzystnej sytuacji w regionie Walencji.\u00a0 W ci\u0105gu ostatnich lat Innohub zdoby\u0142 wa\u017cne do\u015bwiadczenie w realizacji projekt\u00f3w unijnych, co umo\u017cliwi\u0142o dotarcie do wi\u0119kszej liczby os\u00f3b i organizacji, kt\u00f3re mog\u0105 korzysta\u0107 z us\u0142ug Innohub. Pozwoli\u0142o to r\u00f3wnie\u017c na poszerzenie lokalnej, krajowej i mi\u0119dzynarodowej sieci kontakt\u00f3w, kt\u00f3ra wzbogaca mo\u017cliwo\u015bci stowarzyszenia w jego codziennej dzia\u0142alno\u015bci.<\/p>\n<p>Strona internetowa:\u00a0<a href=\"http:\/\/valenciainnohub.com\/\" target=\"_blank\" rel=\"noopener\">www.valenciainnohub.com\/<\/a><\/p>\n<p>LinkedIn: <a href=\"https:\/\/www.linkedin.com\/company\/fygconsultores\">https:\/\/www.linkedin.com\/company\/fygconsultores<\/a><\/p>\n<p>Facebook: <a href=\"https:\/\/www.facebook.com\/fygconsultoresvalencia\">https:\/\/www.facebook.com\/fygconsultoresvalencia<\/a><\/p>\n<h3 style=\"text-align: center;\"><strong>\u00a0<\/strong><\/h3>\n<h3 style=\"text-align: center;\"><strong>Partnerzy projektu<\/strong><\/h3>\n<h3><img decoding=\"async\" class=\"wp-image-112 size-full aligncenter\" src=\"https:\/\/blossom.erasmus.site\/wp-content\/uploads\/2022\/07\/cpip.png\" alt=\"\" width=\"300\" height=\"300\" srcset=\"https:\/\/blossom.erasmus.site\/wp-content\/uploads\/2022\/07\/cpip.png 300w, https:\/\/blossom.erasmus.site\/wp-content\/uploads\/2022\/07\/cpip-150x150.png 150w, https:\/\/blossom.erasmus.site\/wp-content\/uploads\/2022\/07\/cpip-24x24.png 24w, https:\/\/blossom.erasmus.site\/wp-content\/uploads\/2022\/07\/cpip-36x36.png 36w, https:\/\/blossom.erasmus.site\/wp-content\/uploads\/2022\/07\/cpip-48x48.png 48w\" sizes=\"(max-width: 300px) 100vw, 300px\" \/><\/h3>\n<h3 style=\"text-align: center;\"><strong>Centre For Promoting Lifelong Learning (CPIP) \u2013 Rumania<\/strong><\/h3>\n<p>Centrum promowania uczenia si\u0119 przez ca\u0142e \u017cycie &#8211; CPIP &#8211; jest pozarz\u0105dow\u0105 instytucj\u0105 non-profit dzia\u0142aj\u0105c\u0105 na polu edukacyjnym i spo\u0142ecznym od 2005 roku. Promuje kultur\u0119 &#8222;uczenia si\u0119 przez ca\u0142e \u017cycie&#8221; poprzez aktywne zaanga\u017cowanie cz\u0142onk\u00f3w spo\u0142eczno\u015bci w tworzenie sp\u00f3jnej strategii wdra\u017cania koncepcji i praktyki uczenia si\u0119 przez ca\u0142e \u017cycie.\u00a0 CPIP opracowuje krajowe i mi\u0119dzynarodowe projekty dotycz\u0105ce r\u00f3\u017cnych temat\u00f3w spo\u0142ecznych i edukacyjnych. Jego projekty s\u0105 wsp\u00f3\u0142finansowane przez Komisj\u0119 Europejsk\u0105 w ramach r\u00f3\u017cnych program\u00f3w przeznaczonych na edukacj\u0119, kultur\u0119 i narz\u0119dzia audiowizualne.<\/p>\n<p>Strona internetowa: <a href=\"http:\/\/www.cpip.ro\/\">www.cpip.ro<\/a><\/p>\n<p>Facebook: <a href=\"https:\/\/www.facebook.com\/CentrulPentruPromovareaInvatariiPermanente\">https:\/\/www.facebook.com\/CentrulPentruPromovareaInvatariiPermanente<\/a><\/p>\n<p>LinkedIn: <a href=\"https:\/\/www.linkedin.com\/company\/cpip-romania-centrul-pentru-promovarea-invatarii-permanente\">https:\/\/www.linkedin.com\/company\/cpip-romania-centrul-pentru-promovarea-invatarii-permanente<\/a><\/p>\n<p>Twitter: <a href=\"https:\/\/twitter.com\/CPIPTIMISOARARO\">https:\/\/twitter.com\/CPIPTIMISOARARO<\/a><\/p>\n<hr \/>\n<h3><img decoding=\"async\" class=\"wp-image-114 size-full aligncenter\" src=\"https:\/\/blossom.erasmus.site\/wp-content\/uploads\/2022\/07\/growth.png\" alt=\"\" width=\"300\" height=\"300\" srcset=\"https:\/\/blossom.erasmus.site\/wp-content\/uploads\/2022\/07\/growth.png 300w, https:\/\/blossom.erasmus.site\/wp-content\/uploads\/2022\/07\/growth-150x150.png 150w, https:\/\/blossom.erasmus.site\/wp-content\/uploads\/2022\/07\/growth-24x24.png 24w, https:\/\/blossom.erasmus.site\/wp-content\/uploads\/2022\/07\/growth-36x36.png 36w, https:\/\/blossom.erasmus.site\/wp-content\/uploads\/2022\/07\/growth-48x48.png 48w\" sizes=\"(max-width: 300px) 100vw, 300px\" \/><\/h3>\n<h3 style=\"text-align: center;\"><strong>Growth Consultants (GROWTH) &#8211; Cypr<\/strong><\/h3>\n<p>Growth Consultants (GROWTH) to nowo utworzona ma\u0142a, prywatna firma za\u0142o\u017cona w 2021 roku w celu zapewnienia mo\u017cliwo\u015bci rozwoju firm i os\u00f3b prywatnych w zakresie ich dzia\u0142alno\u015bci. Firma specjalizuje si\u0119 w doradztwie w zakresie unijnych i krajowych program\u00f3w finansowania, a jej misj\u0105 jest prowadzenie os\u00f3b i firm w kierunku osi\u0105gni\u0119cia ich cel\u00f3w rozwoju i wzrostu. GROWTH obiecuje tworzy\u0107 warto\u015b\u0107, kt\u00f3ra umo\u017cliwi klientowi rozw\u00f3j, osi\u0105ganie cel\u00f3w oraz realizacj\u0119 projekt\u00f3w i pomys\u0142\u00f3w. Zesp\u00f3\u0142 firmy k\u0142adzie nacisk na dostarczanie wysokiej jako\u015bci us\u0142ug i wdra\u017canie skutecznych procedur oraz promuje cyfrowe narz\u0119dzia komunikacji i gromadzenia informacji, poniewa\u017c upraszcza to procedury i wspiera wszelkie dzia\u0142ania. Wizj\u0105 GROWTH jest sta\u0107 si\u0119 wiod\u0105c\u0105 firm\u0105 w promowaniu finansowania innowacyjnych projekt\u00f3w na poziomie krajowym i europejskim. Obszary dzia\u0142alno\u015bci obejmuj\u0105 doradztwo w zakresie program\u00f3w krajowych i europejskich w dziedzinie kszta\u0142cenia ustawicznego, przedsi\u0119biorczo\u015bci, transformacji cyfrowej, technologii informacyjno-komunikacyjnych i zatrudnienia. W oparciu o potrzeby klient\u00f3w, firma przedstawia mo\u017cliwe opcje w zakresie program\u00f3w finansowania, a gdy tylko wymagania programu zostan\u0105 spe\u0142nione, GROWTH jest gotowe do przygotowania wniosku. Firma przygotowuje ca\u0142y wniosek i zapewnia wszelkie niezb\u0119dne wskaz\u00f3wki i wsparcie. Wreszcie, je\u015bli chodzi o us\u0142ugi zwi\u0105zane z programami finansowania, GROWTH oferuje us\u0142ugi w zakresie zarz\u0105dzania projektami. Kolejnym obszarem dzia\u0142alno\u015bci firmy GROWTH jest opracowywanie i dostarczanie program\u00f3w szkoleniowych r\u00f3\u017cnym grupom docelowym w oparciu o analiz\u0119 potrzeb i wniosk\u00f3w. Obszar specjalizacji obejmuje g\u0142\u00f3wnie edukacj\u0119 w zakresie przedsi\u0119biorczo\u015bci na wszystkich poziomach kszta\u0142cenia i we wszystkich grupach wiekowych. Seminaria mog\u0105 wspiera\u0107 osoby indywidualne i nowe firmy na ca\u0142ej ich drodze do przedsi\u0119biorczo\u015bci, pocz\u0105wszy od wczesnych etap\u00f3w zak\u0142adania firmy, a\u017c po jej wzrost i pomy\u015bln\u0105 ewolucj\u0119.<\/p>\n<p>Strona internetowa:\u00a0<a href=\"https:\/\/growthconsultants.com.cy\/\" target=\"_blank\" rel=\"noopener\">www.growthconsultants.com.cy<\/a><\/p>\n<hr \/>\n<h3><img loading=\"lazy\" decoding=\"async\" class=\"wp-image-115 size-full aligncenter\" src=\"https:\/\/blossom.erasmus.site\/wp-content\/uploads\/2022\/07\/cwep.png\" alt=\"\" width=\"300\" height=\"300\" srcset=\"https:\/\/blossom.erasmus.site\/wp-content\/uploads\/2022\/07\/cwep.png 300w, https:\/\/blossom.erasmus.site\/wp-content\/uploads\/2022\/07\/cwep-150x150.png 150w, https:\/\/blossom.erasmus.site\/wp-content\/uploads\/2022\/07\/cwep-24x24.png 24w, https:\/\/blossom.erasmus.site\/wp-content\/uploads\/2022\/07\/cwep-36x36.png 36w, https:\/\/blossom.erasmus.site\/wp-content\/uploads\/2022\/07\/cwep-48x48.png 48w\" sizes=\"(max-width: 300px) 100vw, 300px\" \/><\/h3>\n<h3 style=\"text-align: center;\"><strong>Centrum Wspierania Edukacji i Przedsi\u0119biorczo\u015bci (CWEP) &#8211; Polska<\/strong><\/h3>\n<p>Centrum Wspierania Edukacji i Przedsi\u0119biorczo\u015bci (CWEP) jest organizacj\u0105 pozarz\u0105dow\u0105 za\u0142o\u017con\u0105 w 2004 roku przez grup\u0119 przedsi\u0119biorc\u00f3w, nauczycieli i dzia\u0142aczy spo\u0142ecznych z Rzeszowa. CWEP wsp\u00f3\u0142pracuje z przedsi\u0119biorstwami i instytucjami edukacyjnymi. Misj\u0105 CWEP jest podnoszenie jako\u015bci kszta\u0142cenia na wszystkich poziomach i we wszystkich formach, a tak\u017ce promowanie przedsi\u0119biorczo\u015bci w celu wspierania integracji ka\u017cdej grupy spo\u0142ecznej, bez wzgl\u0119du na p\u0142e\u0107, wiek czy pochodzenie etniczne. W szczeg\u00f3lno\u015bci celem jest poprawa dost\u0119pno\u015bci, jako\u015bci i efektywno\u015bci kszta\u0142cenia wszystkich ludzi, promowanie i przyczynianie si\u0119 do rozwoju edukacji doros\u0142ych, uczenia si\u0119 przez ca\u0142e \u017cycie, e-learningu oraz wykorzystania nowych technologii w edukacji i przedsi\u0119biorczo\u015bci. Stowarzyszenie wsp\u00f3\u0142pracuje z wieloma partnerami z Europy w celu wzmocnienia pozycji gospodarczej przedsi\u0119biorstw oraz udost\u0119pnia platformy internetowe dla firm.<\/p>\n<p>Strona internetowa:\u00a0<a href=\"https:\/\/cwep.eu\/\" target=\"_blank\" rel=\"noopener\">www.cwep.eu<\/a><\/p>\n<p>Facebook: <a href=\"https:\/\/www.facebook.com\/CWEP.EU\">https:\/\/www.facebook.com\/CWEP.EU<\/a><\/p>\n<p>Twitter: <a href=\"https:\/\/twitter.com\/CWEPeu\">https:\/\/twitter.com\/CWEPeu<\/a><\/p>\n<hr \/>\n<h3><img loading=\"lazy\" decoding=\"async\" class=\"wp-image-116 size-full aligncenter\" src=\"https:\/\/blossom.erasmus.site\/wp-content\/uploads\/2022\/07\/akidimos.png\" alt=\"\" width=\"300\" height=\"300\" srcset=\"https:\/\/blossom.erasmus.site\/wp-content\/uploads\/2022\/07\/akidimos.png 300w, https:\/\/blossom.erasmus.site\/wp-content\/uploads\/2022\/07\/akidimos-150x150.png 150w, https:\/\/blossom.erasmus.site\/wp-content\/uploads\/2022\/07\/akidimos-24x24.png 24w, https:\/\/blossom.erasmus.site\/wp-content\/uploads\/2022\/07\/akidimos-36x36.png 36w, https:\/\/blossom.erasmus.site\/wp-content\/uploads\/2022\/07\/akidimos-48x48.png 48w\" sizes=\"(max-width: 300px) 100vw, 300px\" \/><\/h3>\n<h3 style=\"text-align: center;\"><strong>Akadimos &#8211; Grecja<\/strong><\/h3>\n<p>Akadimos to prywatne Centrum Kszta\u0142cenia Ustawicznego i Szkole\u0144 w Grecji, kt\u00f3rego celem jest zapewnienie kszta\u0142cenia ustawicznego i szkole\u0144 dla os\u00f3b doros\u0142ych ze wszystkich grup wiekowych. Instytucja oferuje nieformalne kursy szkoleniowe, warsztaty i seminaria, aby pom\u00f3c zar\u00f3wno osobom indywidualnym, jak i organizacjom w doskonaleniu umiej\u0119tno\u015bci i rozwoju kariery zawodowej. W ramach dzia\u0142alno\u015bci akademickiej Akadimos zajmuje si\u0119 badaniami naukowymi, opracowywaniem, wdra\u017caniem i realizacj\u0105 wysokiej jako\u015bci us\u0142ug edukacyjnych oraz kurs\u00f3w edukacyjnych, zapewniaj\u0105c uczestnikom odpowiednie narz\u0119dzia do radzenia sobie z wymaganiami wsp\u00f3\u0142czesnego lokalnego i mi\u0119dzynarodowego rynku pracy. Akadimos oferuje r\u00f3wnie\u017c nauczycielom i trenerom mo\u017cliwo\u015bci przekwalifikowania si\u0119, podniesienia kwalifikacji oraz dalszego rozwoju zawodowego i osobistego poprzez ustrukturyzowane i dostosowane do potrzeb programy szkoleniowe.<\/p>\n<p>Strona internetowa: <a href=\"http:\/\/www.akadimoskek.gr\/\">www.akadimoskek.gr<\/a><\/p>\n<p>Facebook: <a href=\"https:\/\/www.facebook.com\/akadimoskdvm\">https:\/\/www.facebook.com\/akadimoskdvm<\/a><\/p>\n<p>Instagram: <a href=\"https:\/\/www.instagram.com\/akadimoskek\/\">https:\/\/www.instagram.com\/akadimoskek\/<\/a><\/p>","protected":false},"excerpt":{"rendered":"<p>BLOSSOM to 5 partner\u00f3w z 5 kraj\u00f3w UE. Koordynator projektu ASOCIACI\u00d3N VALENCIA INNO HUB (Innohub)- Hiszpania Valencia Inno Hub (Innohub) to hiszpa\u0144ska organizacja non-profit, kt\u00f3rej celem jest \u0142\u0105czenie talent\u00f3w, technologii oraz rozwoju osobistego i zawodowego. Jej celem jest promowanie innowacji i nowych rozwi\u0105za\u0144 technologicznych, kt\u00f3re przyczyni\u0105 si\u0119 do lepszej przysz\u0142o\u015bci, poprzez dzia\u0142ania wspieraj\u0105ce innowacyjne i&hellip;&nbsp;<a href=\"https:\/\/blossom.erasmus.site\/pl\/partnership\/\" rel=\"bookmark\">Dowiedz si\u0119 wi\u0119cej &raquo;<span class=\"screen-reader-text\">Partnerstwo<\/span><\/a><\/p>\n","protected":false},"author":1,"featured_media":47,"parent":0,"menu_order":0,"comment_status":"closed","ping_status":"closed","template":"","meta":{"neve_meta_sidebar":"","neve_meta_container":"","neve_meta_enable_content_width":"off","neve_meta_content_width":100,"neve_meta_title_alignment":"","neve_meta_author_avatar":"","neve_post_elements_order":"","neve_meta_disable_header":"","neve_meta_disable_footer":"","neve_meta_disable_title":"","footnotes":""},"class_list":["post-109","page","type-page","status-publish","has-post-thumbnail","hentry"],"_links":{"self":[{"href":"https:\/\/blossom.erasmus.site\/pl\/wp-json\/wp\/v2\/pages\/109","targetHints":{"allow":["GET"]}}],"collection":[{"href":"https:\/\/blossom.erasmus.site\/pl\/wp-json\/wp\/v2\/pages"}],"about":[{"href":"https:\/\/blossom.erasmus.site\/pl\/wp-json\/wp\/v2\/types\/page"}],"author":[{"embeddable":true,"href":"https:\/\/blossom.erasmus.site\/pl\/wp-json\/wp\/v2\/users\/1"}],"replies":[{"embeddable":true,"href":"https:\/\/blossom.erasmus.site\/pl\/wp-json\/wp\/v2\/comments?post=109"}],"version-history":[{"count":8,"href":"https:\/\/blossom.erasmus.site\/pl\/wp-json\/wp\/v2\/pages\/109\/revisions"}],"predecessor-version":[{"id":256,"href":"https:\/\/blossom.erasmus.site\/pl\/wp-json\/wp\/v2\/pages\/109\/revisions\/256"}],"wp:featuredmedia":[{"embeddable":true,"href":"https:\/\/blossom.erasmus.site\/pl\/wp-json\/wp\/v2\/media\/47"}],"wp:attachment":[{"href":"https:\/\/blossom.erasmus.site\/pl\/wp-json\/wp\/v2\/media?parent=109"}],"curies":[{"name":"wp","href":"https:\/\/api.w.org\/{rel}","templated":true}]}}