{"id":102,"date":"2022-07-12T17:49:18","date_gmt":"2022-07-12T17:49:18","guid":{"rendered":"https:\/\/blossom.erasmus.site\/?page_id=102"},"modified":"2022-07-15T12:48:35","modified_gmt":"2022-07-15T12:48:35","slug":"about-the-project","status":"publish","type":"page","link":"https:\/\/blossom.erasmus.site\/pl\/about-the-project\/","title":{"rendered":"O projekcie"},"content":{"rendered":"<p>Celem projektu BLOSSOM jest zwi\u0119kszenie indywidualnego zakresu dzia\u0142ania doros\u0142ych kobiet na rynku pracy i w innych dziedzinach \u017cycia poprzez zapewnienie pe\u0142nego, interaktywnego i innowacyjnego podej\u015bcia szkoleniowego wraz z narz\u0119dziem oceny, kt\u00f3re zapewni niezb\u0119dn\u0105 informacj\u0119 zwrotn\u0105 na temat potrzeb oraz nabytych nowych umiej\u0119tno\u015bci i kompetencji.\u00a0 Naszym celem jest NABYCIE lub POPRAWA KOMPETENCJI BIZNESOWYCH, LICZBOWYCH I CYFROWYCH DOROS\u0141YCH KOBIET O NISKICH KWALIFIKACJACH. W szczeg\u00f3lno\u015bci wyzwanie, jakim jest masowe BEZROBOCIE, zmusza te osoby do wi\u0119kszej przedsi\u0119biorczo\u015bci i lepszych umiej\u0119tno\u015bci, aby znale\u017a\u0107 odpowiedni\u0105 prac\u0119 lub za\u0142o\u017cy\u0107 w\u0142asn\u0105 firm\u0119.<\/p>\n<p>Dzi\u0119ki realizacji projektu BLOSSOM zostan\u0105 zrealizowane nast\u0119puj\u0105ce priorytety edukacji doros\u0142ych:<\/p>\n<ul>\n<li>Poprawa dost\u0119pno\u015bci wysokiej jako\u015bci mo\u017cliwo\u015bci uczenia si\u0119 dla doros\u0142ych.<\/li>\n<li>Uwzgl\u0119dnienie transformacji cyfrowej poprzez rozwijanie gotowo\u015bci, odporno\u015bci i potencja\u0142u cyfrowego.<\/li>\n<li>Tworzenie \u015bcie\u017cek podnoszenia kwalifikacji, poprawa dost\u0119pno\u015bci i zwi\u0119kszenie liczby os\u00f3b korzystaj\u0105cych z edukacji doros\u0142ych.<\/li>\n<\/ul>\n<p><strong>Cele projektu BLOSSOM<\/strong><\/p>\n<p>Og\u00f3lnym celem BLOSSOM jest poprawa mo\u017cliwo\u015bci uczenia si\u0119 doros\u0142ych kobiet o niskich kwalifikacjach poprzez wzmocnienie ich podstawowych kompetencji w zakresie czytania, pisania, liczenia i umiej\u0119tno\u015bci cyfrowych ukierunkowanych na rozw\u00f3j przedsi\u0119biorczo\u015bci.<\/p>\n<p>Cele szczeg\u00f3\u0142owe BLOSSOM to:<\/p>\n<ul>\n<li>Okre\u015blenie potrzeb doros\u0142ych kobiet w zakresie umiej\u0119tno\u015bci rozwoju biznesu, takich jak umiej\u0119tno\u015b\u0107 czytania i pisania, liczenia i umiej\u0119tno\u015bci cyfrowe.<\/li>\n<li>Wspieranie integracji na rynku pracy i w\u0142\u0105czenia spo\u0142ecznego doros\u0142ych kobiet o niskich kwalifikacjach.<\/li>\n<li>Zach\u0119canie nisko wykwalifikowanych kobiet do tworzenia projekt\u00f3w biznesowych poprzez efektywne i innowacyjne efekty uczenia si\u0119.<\/li>\n<li>Zwi\u0119kszenie przedsi\u0119biorczo\u015bci kobiet i podniesienie ich kwalifikacji zawodowych.<\/li>\n<li>Rozwijanie potencja\u0142u przedsi\u0119biorczego doros\u0142ych kobiet i organizacji wspieraj\u0105cych.<\/li>\n<li>Rozwijanie umiej\u0119tno\u015bci podstawowych i przekrojowych.<\/li>\n<li>Wspieranie nauczania opartego na technologiach informacyjno-komunikacyjnych oraz praktyk oceny opartej na technologiach informacyjno-komunikacyjnych.<\/li>\n<li>Przeprowadzenie analizy walidacyjnej potrzeb i luk w zakresie potencja\u0142u kobiet o niskich kwalifikacjach i ich potrzeb.<\/li>\n<\/ul>\n<p><strong>Grupy docelowe BLOSSOM<\/strong><\/p>\n<ul>\n<li>BLOSSOM jest przeznaczony dla doros\u0142ych kobiet o niskich kwalifikacjach oraz ekspert\u00f3w, organizator\u00f3w i decydent\u00f3w w dziedzinie edukacji doros\u0142ych.<\/li>\n<li>BLOSSOM jest przeznaczony dla doros\u0142ych kobiet o niskich kwalifikacjach oraz ekspert\u00f3w, organizator\u00f3w i os\u00f3b odpowiedzialnych za kszta\u0142towanie polityki w zakresie edukacji doros\u0142ych.<\/li>\n<li>G\u0142\u00f3wn\u0105 grup\u0105 docelow\u0105 projektu BLOSSOM s\u0105 doros\u0142e kobiety o niskich kwalifikacjach, w tym kobiety bezrobotne, niew\u0142a\u015bciwie zatrudnione, ucz\u0105ce si\u0119 lub znajduj\u0105ce si\u0119 w sytuacji wykluczenia.<\/li>\n<\/ul>\n<p>Szersz\u0105 grup\u0119 odbiorc\u00f3w projektu stanowi\u0105 r\u00f3wnie\u017c organizatorzy kszta\u0142cenia doros\u0142ych, liderzy kszta\u0142cenia doros\u0142ych, w\u0142adze krajowe i regionalne.<\/p>","protected":false},"excerpt":{"rendered":"<p>Celem projektu BLOSSOM jest zwi\u0119kszenie indywidualnego zakresu dzia\u0142ania doros\u0142ych kobiet na rynku pracy i w innych dziedzinach \u017cycia poprzez zapewnienie pe\u0142nego, interaktywnego i innowacyjnego podej\u015bcia szkoleniowego wraz z narz\u0119dziem oceny, kt\u00f3re zapewni niezb\u0119dn\u0105 informacj\u0119 zwrotn\u0105 na temat potrzeb oraz nabytych nowych umiej\u0119tno\u015bci i kompetencji.\u00a0 Naszym celem jest NABYCIE lub POPRAWA KOMPETENCJI BIZNESOWYCH, LICZBOWYCH I CYFROWYCH&hellip;&nbsp;<a href=\"https:\/\/blossom.erasmus.site\/pl\/about-the-project\/\" rel=\"bookmark\">Dowiedz si\u0119 wi\u0119cej &raquo;<span class=\"screen-reader-text\">O projekcie<\/span><\/a><\/p>\n","protected":false},"author":1,"featured_media":103,"parent":0,"menu_order":0,"comment_status":"closed","ping_status":"closed","template":"","meta":{"neve_meta_sidebar":"","neve_meta_container":"","neve_meta_enable_content_width":"off","neve_meta_content_width":100,"neve_meta_title_alignment":"","neve_meta_author_avatar":"","neve_post_elements_order":"","neve_meta_disable_header":"","neve_meta_disable_footer":"","neve_meta_disable_title":"","footnotes":""},"class_list":["post-102","page","type-page","status-publish","has-post-thumbnail","hentry"],"_links":{"self":[{"href":"https:\/\/blossom.erasmus.site\/pl\/wp-json\/wp\/v2\/pages\/102","targetHints":{"allow":["GET"]}}],"collection":[{"href":"https:\/\/blossom.erasmus.site\/pl\/wp-json\/wp\/v2\/pages"}],"about":[{"href":"https:\/\/blossom.erasmus.site\/pl\/wp-json\/wp\/v2\/types\/page"}],"author":[{"embeddable":true,"href":"https:\/\/blossom.erasmus.site\/pl\/wp-json\/wp\/v2\/users\/1"}],"replies":[{"embeddable":true,"href":"https:\/\/blossom.erasmus.site\/pl\/wp-json\/wp\/v2\/comments?post=102"}],"version-history":[{"count":6,"href":"https:\/\/blossom.erasmus.site\/pl\/wp-json\/wp\/v2\/pages\/102\/revisions"}],"predecessor-version":[{"id":254,"href":"https:\/\/blossom.erasmus.site\/pl\/wp-json\/wp\/v2\/pages\/102\/revisions\/254"}],"wp:featuredmedia":[{"embeddable":true,"href":"https:\/\/blossom.erasmus.site\/pl\/wp-json\/wp\/v2\/media\/103"}],"wp:attachment":[{"href":"https:\/\/blossom.erasmus.site\/pl\/wp-json\/wp\/v2\/media?parent=102"}],"curies":[{"name":"wp","href":"https:\/\/api.w.org\/{rel}","templated":true}]}}