{"id":109,"date":"2022-07-12T17:55:54","date_gmt":"2022-07-12T17:55:54","guid":{"rendered":"https:\/\/blossom.erasmus.site\/?page_id=109"},"modified":"2022-07-15T12:51:15","modified_gmt":"2022-07-15T12:51:15","slug":"partnership","status":"publish","type":"page","link":"https:\/\/blossom.erasmus.site\/es\/partnership\/","title":{"rendered":"Consorcio"},"content":{"rendered":"<p><\/p>\n<p style=\"text-align: center;\">BLOSSOM son 5 socios de 5 pa\u00edses de la UE.<\/p>\n<h3 style=\"text-align: center;\"><strong>Coordinador del proyecto<\/strong><\/h3>\n<h3><img fetchpriority=\"high\" decoding=\"async\" class=\"size-full wp-image-110 aligncenter\" src=\"https:\/\/blossom.erasmus.site\/wp-content\/uploads\/2022\/07\/inno.png\" alt=\"\" width=\"300\" height=\"300\" srcset=\"https:\/\/blossom.erasmus.site\/wp-content\/uploads\/2022\/07\/inno.png 300w, https:\/\/blossom.erasmus.site\/wp-content\/uploads\/2022\/07\/inno-150x150.png 150w, https:\/\/blossom.erasmus.site\/wp-content\/uploads\/2022\/07\/inno-24x24.png 24w, https:\/\/blossom.erasmus.site\/wp-content\/uploads\/2022\/07\/inno-36x36.png 36w, https:\/\/blossom.erasmus.site\/wp-content\/uploads\/2022\/07\/inno-48x48.png 48w\" sizes=\"(max-width: 300px) 100vw, 300px\" \/><\/h3>\n<h3 style=\"text-align: center;\"><strong>ASOCIACI\u00d3N VALENCIA INNO HUB (Innohub)- Espa\u00f1a<\/strong><\/h3>\n<p>Valencia Inno Hub (Innohub) es una organizaci\u00f3n espa\u00f1ola sin \u00e1nimo de lucro que nace con el objetivo de poner en com\u00fan el talento, la tecnolog\u00eda y el desarrollo personal y profesional. Su objetivo es promover la innovaci\u00f3n y las nuevas soluciones tecnol\u00f3gicas que promuevan un futuro mejor, a trav\u00e9s de acciones que apoyen un entorno innovador y de creaci\u00f3n de tecnolog\u00eda, junto con un enfoque especial en los grupos desfavorecidos de la sociedad y su inclusi\u00f3n econ\u00f3mica y social. Innohub cree en la necesidad del cambio de modelo econ\u00f3mico para crear una econom\u00eda m\u00e1s competitiva y de valor a\u00f1adido, facilitando las herramientas necesarias a nuestras empresas y personas, y en este apoyo a los j\u00f3venes para que dicho cambio se perpet\u00fae en el tiempo.<\/p>\n<p>A trav\u00e9s de la tutor\u00eda y la formaci\u00f3n, Innohub quiere generar un impacto social positivo. Innohub apoya a los j\u00f3venes, a los emprendedores, a los inmigrantes y a las personas de grupos desfavorecidos que se enfrentan a diferentes factores de exclusi\u00f3n: j\u00f3venes y adultos con dificultades educativas, nacionales de terceros pa\u00edses, etc. capacit\u00e1ndolos y desarrollando sus habilidades empresariales y de autoempleo para lograr su inclusi\u00f3n socioecon\u00f3mica.<\/p>\n<p>En la actualidad, Innohub colabora con un amplio abanico de actores econ\u00f3micos, tanto p\u00fablicos como privados. La asociaci\u00f3n tiene una fuerte cooperaci\u00f3n con actores que apoyan a los j\u00f3venes, a los emprendedores y a los grupos desfavorecidos de la sociedad de la regi\u00f3n valenciana.\u00a0 En los \u00faltimos a\u00f1os, Innohub ha adquirido una importante experiencia en la ejecuci\u00f3n de proyectos de la UE, lo que ha permitido llegar a m\u00e1s personas y organizaciones que pueden beneficiarse de los servicios de Innohub. Tambi\u00e9n ha permitido ampliar la red local, nacional e internacional de contactos que enriquece las posibilidades de la asociaci\u00f3n en sus actividades diarias.<\/p>\n<p>Web: <a href=\"http:\/\/valenciainnohub.com\/\" target=\"_blank\" rel=\"noopener\">www.valenciainnohub.com\/<\/a><\/p>\n<p>LinkedIn: <a href=\"https:\/\/www.linkedin.com\/company\/fygconsultores\">https:\/\/www.linkedin.com\/company\/fygconsultores<\/a><\/p>\n<p>Facebook: <a href=\"https:\/\/www.facebook.com\/fygconsultoresvalencia\">https:\/\/www.facebook.com\/fygconsultoresvalencia<\/a><\/p>\n<h3 style=\"text-align: center;\"><strong>\u00a0<\/strong><\/h3>\n<h3 style=\"text-align: center;\"><strong>Socios del Proyecto<\/strong><\/h3>\n<h3><img decoding=\"async\" class=\"wp-image-112 size-full aligncenter\" src=\"https:\/\/blossom.erasmus.site\/wp-content\/uploads\/2022\/07\/cpip.png\" alt=\"\" width=\"300\" height=\"300\" srcset=\"https:\/\/blossom.erasmus.site\/wp-content\/uploads\/2022\/07\/cpip.png 300w, https:\/\/blossom.erasmus.site\/wp-content\/uploads\/2022\/07\/cpip-150x150.png 150w, https:\/\/blossom.erasmus.site\/wp-content\/uploads\/2022\/07\/cpip-24x24.png 24w, https:\/\/blossom.erasmus.site\/wp-content\/uploads\/2022\/07\/cpip-36x36.png 36w, https:\/\/blossom.erasmus.site\/wp-content\/uploads\/2022\/07\/cpip-48x48.png 48w\" sizes=\"(max-width: 300px) 100vw, 300px\" \/><\/h3>\n<h3 style=\"text-align: center;\"><strong>Centre For Promoting Lifelong Learning (CPIP) \u2013 Ruman\u00eda<\/strong><\/h3>\n<p>El Centro para la Promoci\u00f3n del Aprendizaje Permanente &#8211; CPIP &#8211; es una instituci\u00f3n no gubernamental, sin \u00e1nimo de lucro, activa en el \u00e1mbito educativo y social desde 2005. Promueve la cultura del \u00abaprendizaje permanente\u00bb a trav\u00e9s de la participaci\u00f3n activa de los miembros de la comunidad en el desarrollo de una estrategia de aplicaci\u00f3n coherente del concepto y la pr\u00e1ctica del aprendizaje permanente.\u00a0 El CPIP desarrolla proyectos nacionales e internacionales sobre diversos temas sociales y educativos. Sus proyectos est\u00e1n cofinanciados por la Comisi\u00f3n Europea a trav\u00e9s de varios programas dise\u00f1ados para la educaci\u00f3n, la cultura y las herramientas audiovisuales.<\/p>\n<p>Web: <a href=\"http:\/\/www.cpip.ro\/\">www.cpip.ro<\/a><\/p>\n<p>Facebook: <a href=\"https:\/\/www.facebook.com\/CentrulPentruPromovareaInvatariiPermanente\">https:\/\/www.facebook.com\/CentrulPentruPromovareaInvatariiPermanente<\/a><\/p>\n<p>LinkedIn: <a href=\"https:\/\/www.linkedin.com\/company\/cpip-romania-centrul-pentru-promovarea-invatarii-permanente\">https:\/\/www.linkedin.com\/company\/cpip-romania-centrul-pentru-promovarea-invatarii-permanente<\/a><\/p>\n<p>Twitter: <a href=\"https:\/\/twitter.com\/CPIPTIMISOARARO\">https:\/\/twitter.com\/CPIPTIMISOARARO<\/a><\/p>\n<hr \/>\n<h3><img decoding=\"async\" class=\"wp-image-114 size-full aligncenter\" src=\"https:\/\/blossom.erasmus.site\/wp-content\/uploads\/2022\/07\/growth.png\" alt=\"\" width=\"300\" height=\"300\" srcset=\"https:\/\/blossom.erasmus.site\/wp-content\/uploads\/2022\/07\/growth.png 300w, https:\/\/blossom.erasmus.site\/wp-content\/uploads\/2022\/07\/growth-150x150.png 150w, https:\/\/blossom.erasmus.site\/wp-content\/uploads\/2022\/07\/growth-24x24.png 24w, https:\/\/blossom.erasmus.site\/wp-content\/uploads\/2022\/07\/growth-36x36.png 36w, https:\/\/blossom.erasmus.site\/wp-content\/uploads\/2022\/07\/growth-48x48.png 48w\" sizes=\"(max-width: 300px) 100vw, 300px\" \/><\/h3>\n<h3 style=\"text-align: center;\"><strong>Growth Consultants (GROWTH) \u2013 Cyprus<\/strong><\/h3>\n<p>Growth Consultants (GROWTH) es una peque\u00f1a empresa privada de reciente creaci\u00f3n fundada en 2021 para ofrecer oportunidades a empresas y particulares en relaci\u00f3n con su negocio. La empresa se especializa en la consultor\u00eda de esquemas de financiaci\u00f3n de la UE y de la Chipre y su misi\u00f3n es guiar a los individuos y a las empresas hacia la consecuci\u00f3n de sus objetivos de desarrollo y crecimiento. GROWTH se compromete a crear un valor que permita al cliente desarrollarse, alcanzar sus objetivos e implementar sus proyectos e ideas. El equipo de la empresa hace hincapi\u00e9 en la prestaci\u00f3n de servicios de calidad y en la incorporaci\u00f3n de procedimientos eficaces y promueve la comunicaci\u00f3n digital y las herramientas de recopilaci\u00f3n de informaci\u00f3n, ya que simplifica los procedimientos y apoya todas las acciones. La visi\u00f3n de GROWTHs es convertirse en una empresa l\u00edder en la promoci\u00f3n de la financiaci\u00f3n de proyectos innovadores a nivel nacional y europeo. Las \u00e1reas de actividad incluyen la consultor\u00eda en relaci\u00f3n con los programas nacionales y europeos en los \u00e1mbitos de la educaci\u00f3n permanente, el esp\u00edritu empresarial, la transformaci\u00f3n digital, las TIC y el empleo. Sobre la base de las necesidades de los clientes, la empresa presenta las opciones viables en los programas de financiaci\u00f3n y, tan pronto como se cumplen los requisitos del programa, GROWTH est\u00e1 listo para la preparaci\u00f3n de la solicitud. La empresa prepara toda la solicitud y proporciona toda la orientaci\u00f3n y el apoyo necesarios. Por \u00faltimo, en lo que respecta a los servicios de los programas de financiaci\u00f3n, GROWTH ofrece servicios de gesti\u00f3n de proyectos. Otra \u00e1rea de actividad de GROWTH es el dise\u00f1o y la impartici\u00f3n de programas de formaci\u00f3n para diferentes grupos objetivo, basados en el an\u00e1lisis de las necesidades y las solicitudes. El \u00e1rea de especializaci\u00f3n se refiere principalmente a la educaci\u00f3n empresarial que se aplica a todos los niveles de educaci\u00f3n y edades. Los seminarios pueden apoyar a los individuos y a las nuevas empresas a lo largo de su viaje de emprendimiento, empezando por sus primeras etapas de establecimiento hasta su crecimiento y evoluci\u00f3n exitosa.<\/p>\n<p>Web: <a href=\"https:\/\/growthconsultants.com.cy\/\" target=\"_blank\" rel=\"noopener\">www.growthconsultants.com.cy<\/a><\/p>\n<hr \/>\n<h3><img loading=\"lazy\" decoding=\"async\" class=\"wp-image-115 size-full aligncenter\" src=\"https:\/\/blossom.erasmus.site\/wp-content\/uploads\/2022\/07\/cwep.png\" alt=\"\" width=\"300\" height=\"300\" srcset=\"https:\/\/blossom.erasmus.site\/wp-content\/uploads\/2022\/07\/cwep.png 300w, https:\/\/blossom.erasmus.site\/wp-content\/uploads\/2022\/07\/cwep-150x150.png 150w, https:\/\/blossom.erasmus.site\/wp-content\/uploads\/2022\/07\/cwep-24x24.png 24w, https:\/\/blossom.erasmus.site\/wp-content\/uploads\/2022\/07\/cwep-36x36.png 36w, https:\/\/blossom.erasmus.site\/wp-content\/uploads\/2022\/07\/cwep-48x48.png 48w\" sizes=\"(max-width: 300px) 100vw, 300px\" \/><\/h3>\n<h3 style=\"text-align: center;\"><strong>Centre For Education and Entrepreneurship Support (CWEP) &#8211; Polonia<\/strong><\/h3>\n<p>Centre For Education and Entrepreneurship Support (CWEP) es una organizaci\u00f3n no gubernamental fundada en 2004 por un grupo de empresarios, profesores y activistas sociales de Rzesz\u00f3w, Polonia. El CWEP coopera con empresas e instituciones educativas. La misi\u00f3n de CWEP es aumentar la calidad de la formaci\u00f3n educativa a todos los niveles y en todas sus formas, as\u00ed como promover el esp\u00edritu empresarial para fomentar la integraci\u00f3n de cualquier grupo social, independientemente de su sexo, edad u origen \u00e9tnico. En particular, los objetivos son mejorar la accesibilidad, la calidad y la eficiencia de la educaci\u00f3n de todas las personas, promover y contribuir a la educaci\u00f3n de adultos, el aprendizaje permanente, el aprendizaje electr\u00f3nico y el uso de las nuevas tecnolog\u00edas en la educaci\u00f3n y el esp\u00edritu empresarial. La Asociaci\u00f3n trabaja con muchos socios de Europa para reforzar la posici\u00f3n econ\u00f3mica de las empresas y proporciona plataformas en l\u00ednea para las empresas.<\/p>\n<p>Web: <a href=\"https:\/\/cwep.eu\/\" target=\"_blank\" rel=\"noopener\">www.cwep.eu<\/a><\/p>\n<p>Facebook: <a href=\"https:\/\/www.facebook.com\/CWEP.EU\">https:\/\/www.facebook.com\/CWEP.EU<\/a><\/p>\n<p>Twitter: <a href=\"https:\/\/twitter.com\/CWEPeu\">https:\/\/twitter.com\/CWEPeu<\/a><\/p>\n<hr \/>\n<h3><img loading=\"lazy\" decoding=\"async\" class=\"wp-image-116 size-full aligncenter\" src=\"https:\/\/blossom.erasmus.site\/wp-content\/uploads\/2022\/07\/akidimos.png\" alt=\"\" width=\"300\" height=\"300\" srcset=\"https:\/\/blossom.erasmus.site\/wp-content\/uploads\/2022\/07\/akidimos.png 300w, https:\/\/blossom.erasmus.site\/wp-content\/uploads\/2022\/07\/akidimos-150x150.png 150w, https:\/\/blossom.erasmus.site\/wp-content\/uploads\/2022\/07\/akidimos-24x24.png 24w, https:\/\/blossom.erasmus.site\/wp-content\/uploads\/2022\/07\/akidimos-36x36.png 36w, https:\/\/blossom.erasmus.site\/wp-content\/uploads\/2022\/07\/akidimos-48x48.png 48w\" sizes=\"(max-width: 300px) 100vw, 300px\" \/><\/h3>\n<h3 style=\"text-align: center;\"><strong>Akadimos \u2013 Grecia<\/strong><\/h3>\n<p>Akadimos es un centro privado de aprendizaje y formaci\u00f3n permanente en Grecia, dise\u00f1ado para ofrecer aprendizaje y formaci\u00f3n permanente a adultos de todas las edades. La instituci\u00f3n ofrece cursos de formaci\u00f3n no formal, talleres y seminarios para ayudar tanto a individuos como a organizaciones a aprender a mejorar sus habilidades y avanzar en sus carreras. Act\u00faan en el \u00e1mbito acad\u00e9mico desde la investigaci\u00f3n, el desarrollo, la aplicaci\u00f3n y la impartici\u00f3n de servicios educativos de calidad y cursos educativos que proporcionan a los participantes las herramientas adecuadas para hacer frente a las demandas del moderno mercado laboral local e internacional. Akadimos tambi\u00e9n ofrece oportunidades a los educadores y formadores para que se reciclen, mejoren y desarrollen su carrera profesional y personal a trav\u00e9s de programas de formaci\u00f3n estructurados y adaptados.<\/p>\n<p>Web: <a href=\"http:\/\/www.akadimoskek.gr\/\">www.akadimoskek.gr<\/a><\/p>\n<p>Facebook: <a href=\"https:\/\/www.facebook.com\/akadimoskdvm\">https:\/\/www.facebook.com\/akadimoskdvm<\/a><\/p>\n<p>Instagram: <a href=\"https:\/\/www.instagram.com\/akadimoskek\/\">https:\/\/www.instagram.com\/akadimoskek\/<\/a><\/p>","protected":false},"excerpt":{"rendered":"<p>BLOSSOM son 5 socios de 5 pa\u00edses de la UE. Coordinador del proyecto ASOCIACI\u00d3N VALENCIA INNO HUB (Innohub)- Espa\u00f1a Valencia Inno Hub (Innohub) es una organizaci\u00f3n espa\u00f1ola sin \u00e1nimo de lucro que nace con el objetivo de poner en com\u00fan el talento, la tecnolog\u00eda y el desarrollo personal y profesional. Su objetivo es promover la&hellip;&nbsp;<a href=\"https:\/\/blossom.erasmus.site\/es\/partnership\/\" rel=\"bookmark\">Leer m\u00e1s &raquo;<span class=\"screen-reader-text\">Consorcio<\/span><\/a><\/p>\n","protected":false},"author":1,"featured_media":47,"parent":0,"menu_order":0,"comment_status":"closed","ping_status":"closed","template":"","meta":{"neve_meta_sidebar":"","neve_meta_container":"","neve_meta_enable_content_width":"off","neve_meta_content_width":100,"neve_meta_title_alignment":"","neve_meta_author_avatar":"","neve_post_elements_order":"","neve_meta_disable_header":"","neve_meta_disable_footer":"","neve_meta_disable_title":"","footnotes":""},"class_list":["post-109","page","type-page","status-publish","has-post-thumbnail","hentry"],"_links":{"self":[{"href":"https:\/\/blossom.erasmus.site\/es\/wp-json\/wp\/v2\/pages\/109","targetHints":{"allow":["GET"]}}],"collection":[{"href":"https:\/\/blossom.erasmus.site\/es\/wp-json\/wp\/v2\/pages"}],"about":[{"href":"https:\/\/blossom.erasmus.site\/es\/wp-json\/wp\/v2\/types\/page"}],"author":[{"embeddable":true,"href":"https:\/\/blossom.erasmus.site\/es\/wp-json\/wp\/v2\/users\/1"}],"replies":[{"embeddable":true,"href":"https:\/\/blossom.erasmus.site\/es\/wp-json\/wp\/v2\/comments?post=109"}],"version-history":[{"count":8,"href":"https:\/\/blossom.erasmus.site\/es\/wp-json\/wp\/v2\/pages\/109\/revisions"}],"predecessor-version":[{"id":256,"href":"https:\/\/blossom.erasmus.site\/es\/wp-json\/wp\/v2\/pages\/109\/revisions\/256"}],"wp:featuredmedia":[{"embeddable":true,"href":"https:\/\/blossom.erasmus.site\/es\/wp-json\/wp\/v2\/media\/47"}],"wp:attachment":[{"href":"https:\/\/blossom.erasmus.site\/es\/wp-json\/wp\/v2\/media?parent=109"}],"curies":[{"name":"wp","href":"https:\/\/api.w.org\/{rel}","templated":true}]}}