{"id":102,"date":"2022-07-12T17:49:18","date_gmt":"2022-07-12T17:49:18","guid":{"rendered":"https:\/\/blossom.erasmus.site\/?page_id=102"},"modified":"2022-07-15T12:48:35","modified_gmt":"2022-07-15T12:48:35","slug":"about-the-project","status":"publish","type":"page","link":"https:\/\/blossom.erasmus.site\/es\/about-the-project\/","title":{"rendered":"Sobre el proyecto"},"content":{"rendered":"<p>BLOSSOM tiene como objetivo mejorar el \u00e1mbito de actuaci\u00f3n individual de las mujeres adultas en el mercado laboral y en otros \u00e1mbitos de la vida, proporcionando un enfoque de formaci\u00f3n completo, interactivo e innovador, junto con una herramienta de evaluaci\u00f3n que proporcionar\u00e1 la informaci\u00f3n necesaria sobre las necesidades y las nuevas habilidades y competencias adquiridas.\u00a0 Nuestro ENFOQUE es la ADQUISICI\u00d3N o MEJORA de la ALFABETIZACI\u00d3N EMPRESARIAL, NUMERARIA Y DIGITAL de las MUJERES ADULTAS MENOS CALIFICADAS. En particular, el reto del DESEMPLEO masivo que obliga a las destinatarias a ser m\u00e1s emprendedoras y estar mejor capacitadas para encontrar un trabajo adecuado o crear su propio negocio.<\/p>\n<p>Las siguientes prioridades de la educaci\u00f3n de adultos se har\u00e1n realidad con la ejecuci\u00f3n del proyecto BLOSSOM:<\/p>\n<ul>\n<li>Mejora de la disponibilidad de oportunidades de aprendizaje de alta calidad para los adultos.<\/li>\n<li>Abordaje de la transformaci\u00f3n digital mediante el desarrollo de la preparaci\u00f3n, la resiliencia y la capacidad digitales.<\/li>\n<li>Creaci\u00f3n de v\u00edas de mejora de las cualificaciones, mejorar la accesibilidad y aumentar la aceptaci\u00f3n de la educaci\u00f3n de adultos.<\/li>\n<\/ul>\n<p><strong>Objetivos de BLOSSOM<\/strong><\/p>\n<p>El objetivo general de BLOSSOM es mejorar las oportunidades de aprendizaje de las mujeres adultas con baja cualificaci\u00f3n mediante el fortalecimiento de sus competencias b\u00e1sicas como la alfabetizaci\u00f3n, la aritm\u00e9tica y las habilidades digitales centradas en el desarrollo empresarial.<\/p>\n<p>Los objetivos espec\u00edficos de BLOSSOM son:<\/p>\n<ul>\n<li>Identificar las necesidades de las mujeres adultas en cuanto a habilidades de desarrollo empresarial como la alfabetizaci\u00f3n empresarial, la aritm\u00e9tica y las habilidades digitales.<\/li>\n<li>Apoyar la integraci\u00f3n de las mujeres adultas poco cualificadas en el mercado laboral y la inclusi\u00f3n social.<\/li>\n<li>Animar a las mujeres poco cualificadas a desarrollar proyectos empresariales mediante resultados de aprendizaje eficaces e innovadores.<\/li>\n<li>Aumentar el esp\u00edritu empresarial femenino y mejorar las cualificaciones profesionales de las mujeres.<\/li>\n<li>Desarrollar la capacidad de las mujeres adultas y de las organizaciones de apoyo en materia de emprendimiento.<\/li>\n<li>Desarrollar las competencias b\u00e1sicas y transversales.<\/li>\n<li>Apoyar las pr\u00e1cticas de ense\u00f1anza y evaluaci\u00f3n basadas en las TIC.<\/li>\n<li>Realizar un an\u00e1lisis de validaci\u00f3n de las necesidades y lagunas en cuanto a la capacidad de las mujeres poco cualificadas y su necesidad.<\/li>\n<\/ul>\n<p><strong>Destinatarios de BLOSSOM<\/strong><\/p>\n<ul>\n<li>BLOSSOM se dirige a mujeres adultas poco cualificadas y a expertos, proveedores o responsables pol\u00edticos de la educaci\u00f3n de adultos.<\/li>\n<li>El principal grupo destinatario de BLOSSOM son las mujeres adultas poco cualificadas, incluidas las que est\u00e1n desempleadas, mal empleadas, estudiantes o en situaci\u00f3n de exclusi\u00f3n.<\/li>\n<li>El p\u00fablico m\u00e1s amplio del proyecto son tambi\u00e9n los proveedores de servicios de educaci\u00f3n de adultos, los responsables de la educaci\u00f3n de adultos y las autoridades nacionales y regionales.<\/li>\n<\/ul>\n<p><\/p>","protected":false},"excerpt":{"rendered":"<p>BLOSSOM tiene como objetivo mejorar el \u00e1mbito de actuaci\u00f3n individual de las mujeres adultas en el mercado laboral y en otros \u00e1mbitos de la vida, proporcionando un enfoque de formaci\u00f3n completo, interactivo e innovador, junto con una herramienta de evaluaci\u00f3n que proporcionar\u00e1 la informaci\u00f3n necesaria sobre las necesidades y las nuevas habilidades y competencias adquiridas.\u00a0&hellip;&nbsp;<a href=\"https:\/\/blossom.erasmus.site\/es\/about-the-project\/\" rel=\"bookmark\">Leer m\u00e1s &raquo;<span class=\"screen-reader-text\">Sobre el proyecto<\/span><\/a><\/p>\n","protected":false},"author":1,"featured_media":103,"parent":0,"menu_order":0,"comment_status":"closed","ping_status":"closed","template":"","meta":{"neve_meta_sidebar":"","neve_meta_container":"","neve_meta_enable_content_width":"off","neve_meta_content_width":100,"neve_meta_title_alignment":"","neve_meta_author_avatar":"","neve_post_elements_order":"","neve_meta_disable_header":"","neve_meta_disable_footer":"","neve_meta_disable_title":"","footnotes":""},"class_list":["post-102","page","type-page","status-publish","has-post-thumbnail","hentry"],"_links":{"self":[{"href":"https:\/\/blossom.erasmus.site\/es\/wp-json\/wp\/v2\/pages\/102","targetHints":{"allow":["GET"]}}],"collection":[{"href":"https:\/\/blossom.erasmus.site\/es\/wp-json\/wp\/v2\/pages"}],"about":[{"href":"https:\/\/blossom.erasmus.site\/es\/wp-json\/wp\/v2\/types\/page"}],"author":[{"embeddable":true,"href":"https:\/\/blossom.erasmus.site\/es\/wp-json\/wp\/v2\/users\/1"}],"replies":[{"embeddable":true,"href":"https:\/\/blossom.erasmus.site\/es\/wp-json\/wp\/v2\/comments?post=102"}],"version-history":[{"count":6,"href":"https:\/\/blossom.erasmus.site\/es\/wp-json\/wp\/v2\/pages\/102\/revisions"}],"predecessor-version":[{"id":254,"href":"https:\/\/blossom.erasmus.site\/es\/wp-json\/wp\/v2\/pages\/102\/revisions\/254"}],"wp:featuredmedia":[{"embeddable":true,"href":"https:\/\/blossom.erasmus.site\/es\/wp-json\/wp\/v2\/media\/103"}],"wp:attachment":[{"href":"https:\/\/blossom.erasmus.site\/es\/wp-json\/wp\/v2\/media?parent=102"}],"curies":[{"name":"wp","href":"https:\/\/api.w.org\/{rel}","templated":true}]}}